{"id":11,"date":"2019-11-23T11:32:41","date_gmt":"2019-11-23T11:32:41","guid":{"rendered":"http:\/\/rddeutschland.de\/?page_id=11"},"modified":"2024-02-22T17:11:53","modified_gmt":"2024-02-22T17:11:53","slug":"presse-sponsoring","status":"publish","type":"page","link":"https:\/\/rollerderbygermany.de\/?page_id=11","title":{"rendered":"Presse &#038; Sponsoring"},"content":{"rendered":"\n<p>Roller Derby ist ein internationaler Vollkontaktsport auf Rollschuhen mit \u00fcber 1.200 aktiven Vereinen weltweit. Bereits in den 1930er-Jahren in Texas entstanden, erlebte der Sport in seiner modernen Form in den fr\u00fchen 2000ern ein furioses Revival. Urspr\u00fcnglich ein reiner Frauensport, unterteilt sich Roller Derby nun in FLINTA*-, All-Gender- und Juniormannschaften. Roller Derby war sogar unter den Bewerbern als neue Sportart f\u00fcr die Olympischen Spiele 2020.<\/p>\n\n\n\n<p>Roller Derby Deutschland ist eine gemeinn\u00fctzige Organisation &#8211; von der Roller Derby Community, f\u00fcr die Roller Derby Community. Die Unterst\u00fctzung von Roller Derby Deutschland bedeutet, eine facettenreiche Community zu erreichen, denn: so besonders unser Sport ist, so besonders sind auch unsere Fans. In keiner anderen Sportart besteht das Publikum aus so vielen unterschiedlichen Alters- und Bev\u00f6lkerungsgruppen (1). Roller Derby Deutschland stellt sich zudem offen gegen jegliche Art der Ausgrenzung und Diskriminierung und steht f\u00fcr Inklusivit\u00e4t und Diversit\u00e4t.<\/p>\n\n\n\n<p>Ob fantasievolle Namen, Glitzerkonfetti oder eine Cheerleading-Gruppe: Bei allem sportlichen Ehrgeiz zeichnet sich Roller Derby auch durch ein faires, positives und lockeres Miteinander aus. Roller Derby r\u00e4umt mit Klischees auf, ist spannend, kraftvoll und macht Spa\u00df!<\/p>\n\n\n\n<h2 class=\"wp-block-heading\"><strong>Roller Derby in den Medien<\/strong><\/h2>\n\n\n\n<p>Weltmeisterschaften, Playoff- und Championship-Turniere der WFTDA und MRDA werden regelm\u00e4\u00dfig online per Livestream \u00fcbertragen und in bis zu 50 verschiedenen L\u00e4ndern geschaut. Regionale Medien berichten regelm\u00e4\u00dfig \u00fcber die Bundesligabegegnungen der deutschen Vereine, aber auch in deutschen \u00fcberregionalen Zeitungen, im Rundfunk und Fernsehen wird regelm\u00e4\u00dfig \u00fcber Roller Derby berichtet. Manchmal trifft man deutsche Athlet*innen auch in &#8222;ungewohnter&#8220; Umgebung wieder, wie z.B. Nationalspielerin Katharina Deltow aka &#8222;Mia Missile&#8220; in der Fernsehsendung <a href=\"http:\/\/www.rtl.de\/cms\/ninja-warrior-germany-2017-katharina-deltow-kombiniert-muskeln-und-koepfchen-4121433.html\" target=\"_blank\" rel=\"noreferrer noopener\">Ninja Warrior<\/a>.<\/p>\n\n\n\n<p>Gerne senden wir Ihnen aktuelle Informationen per E-Mail zu. Wenn Sie in unseren Presseverteiler aufgenommen werden m\u00f6chten, teilen Sie uns dies bitte durch eine kurze <a href=\"mailto:presse@rollerderbygermany.de\">E-Mail<\/a> mit.<\/p>\n\n\n\n<h2 class=\"wp-block-heading\"><strong>Unterst\u00fctzen Sie uns!<\/strong><\/h2>\n\n\n\n<p>Im Jahr 2025 findet die Roller Derby-Weltmeisterschaft FLINTA* statt. Neben unseren Nationalteams ben\u00f6tigt auch die Bundesliga Ihre Unterst\u00fctzung. Wir bieten Verlinkungen, Social Media Erw\u00e4hnungen auf Facebook, Instagram und X, Logoplatzierungen und Bannerh\u00e4ngungen. <\/p>\n\n\n\n<p><a href=\"mailto: presse@rollerderbygermany.de\">Kontaktieren Sie uns<\/a> und wir schn\u00fcren Ihnen ein individuelles Sponsoring Paket!<\/p>\n\n\n\n<h2 class=\"wp-block-heading\"><strong>Danke an unsere Partner*innen und Sponsor*innen!<\/strong><\/h2>\n\n\n\n<figure class=\"wp-block-image size-full\"><img loading=\"lazy\" decoding=\"async\" width=\"422\" height=\"240\" src=\"https:\/\/rollerderbygermany.de\/wp-content\/uploads\/2019\/11\/PodioLogo.jpg\" alt=\"Podio Sponsored\" class=\"wp-image-744\" srcset=\"https:\/\/rollerderbygermany.de\/wp-content\/uploads\/2019\/11\/PodioLogo.jpg 422w, https:\/\/rollerderbygermany.de\/wp-content\/uploads\/2019\/11\/PodioLogo-300x171.jpg 300w\" sizes=\"auto, (max-width: 422px) 100vw, 422px\" \/><\/figure>\n\n\n\n<p>____________________________<br>(1) Die Angaben basieren auf einer globalen Umfrage der WFTDA aus dem Jahr 2012, vgl. <a href=\"https:\/\/wftda.org\/sponsors\/2012-demographic-information\" target=\"_blank\" rel=\"noreferrer noopener\">https:\/\/wftda.org\/sponsors\/2012-demographic-information<\/a><\/p>\n\n\n\n<div style=\"height:57px\" aria-hidden=\"true\" class=\"wp-block-spacer\"><\/div>\n\n\n\n<p>Foto: Johannes Kestel<\/p>\n","protected":false},"excerpt":{"rendered":"<p>Roller Derby ist ein internationaler Vollkontaktsport auf Rollschuhen mit \u00fcber 1.200 aktiven Vereinen weltweit. Bereits in den 1930er-Jahren in Texas entstanden, erlebte der Sport in seiner modernen Form in den fr\u00fchen 2000ern ein furioses Revival. Urspr\u00fcnglich ein reiner Frauensport, unterteilt sich Roller Derby nun in FLINTA*-, All-Gender- und Juniormannschaften. Roller Derby war sogar unter den&hellip;&nbsp;<a href=\"https:\/\/rollerderbygermany.de\/?page_id=11\" rel=\"bookmark\">Weiterlesen &raquo;<span class=\"screen-reader-text\">Presse &#038; Sponsoring<\/span><\/a><\/p>\n","protected":false},"author":2,"featured_media":1391,"parent":17,"menu_order":0,"comment_status":"closed","ping_status":"closed","template":"","meta":{"neve_meta_sidebar":"","neve_meta_container":"","neve_meta_enable_content_width":"","neve_meta_content_width":0,"neve_meta_title_alignment":"","neve_meta_author_avatar":"","neve_post_elements_order":"","neve_meta_disable_header":"","neve_meta_disable_footer":"","neve_meta_disable_title":"","_themeisle_gutenberg_block_has_review":false,"footnotes":""},"class_list":["post-11","page","type-page","status-publish","has-post-thumbnail","hentry"],"_links":{"self":[{"href":"https:\/\/rollerderbygermany.de\/index.php?rest_route=\/wp\/v2\/pages\/11","targetHints":{"allow":["GET"]}}],"collection":[{"href":"https:\/\/rollerderbygermany.de\/index.php?rest_route=\/wp\/v2\/pages"}],"about":[{"href":"https:\/\/rollerderbygermany.de\/index.php?rest_route=\/wp\/v2\/types\/page"}],"author":[{"embeddable":true,"href":"https:\/\/rollerderbygermany.de\/index.php?rest_route=\/wp\/v2\/users\/2"}],"replies":[{"embeddable":true,"href":"https:\/\/rollerderbygermany.de\/index.php?rest_route=%2Fwp%2Fv2%2Fcomments&post=11"}],"version-history":[{"count":4,"href":"https:\/\/rollerderbygermany.de\/index.php?rest_route=\/wp\/v2\/pages\/11\/revisions"}],"predecessor-version":[{"id":1413,"href":"https:\/\/rollerderbygermany.de\/index.php?rest_route=\/wp\/v2\/pages\/11\/revisions\/1413"}],"up":[{"embeddable":true,"href":"https:\/\/rollerderbygermany.de\/index.php?rest_route=\/wp\/v2\/pages\/17"}],"wp:featuredmedia":[{"embeddable":true,"href":"https:\/\/rollerderbygermany.de\/index.php?rest_route=\/wp\/v2\/media\/1391"}],"wp:attachment":[{"href":"https:\/\/rollerderbygermany.de\/index.php?rest_route=%2Fwp%2Fv2%2Fmedia&parent=11"}],"curies":[{"name":"wp","href":"https:\/\/api.w.org\/{rel}","templated":true}]}}