{"id":1203,"date":"2023-12-24T18:21:13","date_gmt":"2023-12-24T18:21:13","guid":{"rendered":"https:\/\/rollerderbygermany.de\/?page_id=1203"},"modified":"2024-02-22T18:29:58","modified_gmt":"2024-02-22T18:29:58","slug":"fundesliga","status":"publish","type":"page","link":"https:\/\/rollerderbygermany.de\/?page_id=1203","title":{"rendered":"Fundesliga"},"content":{"rendered":"\n<p>2024 geht&#8217;s los mit der Fundesliga! Hiermit sind alle RDD-zertifizierten Spiele gemeint, die nicht Teil eines Wettkampfs &#8211; wie etwa der Bundesliga &#8211; sind. Es gelten \u00e4hnliche Regeln wie f\u00fcr Bundesligaspiele, aber anstatt Strafen gibt es bei Formfehlern Hilfe, damit es beim n\u00e4chsten Mal besser wird. Das soll aber vor allem kleinere Leagues beim Einstieg in die Roller Derby-Spielgemeinschaft unterst\u00fctzen. Zudem werden alle Spiele und Ergebnisse, die gemeldet werden, hier dargestellt. Nur ohne Rangliste, daf\u00fcr dann aber doch mit viel Fun!<br>Unter \u201e<a href=\"https:\/\/podio.com\/webforms\/21840011\/1524928\" target=\"_blank\" rel=\"noreferrer noopener\">Ergebnisse melden<\/a>\u201c kann genau das getan werden und interessierte Teams k\u00f6nnen beim <strong><a href=\"https:\/\/rollerderbygermany.de\/?page_id=17\" data-type=\"page\" data-id=\"17\">Vorstand Spielbetrieb des RDD<\/a><\/strong> mehr erfahren.<\/p>\n\n\n\n<h2 class=\"wp-block-heading has-text-align-center\">Aktuelle Ergebnisse und Spiele<\/h2>\n\n\n\n<iframe src=\"\/fuli\/fuli.html\" title=\"Fundesliga\" width=\"100%\" id=\"iframe\"><\/iframe>\n<script>\n  var frame = document.getElementById(\"iframe\");\n  function resize()\n  {\n    frame.style.height =  (frame.contentWindow.document.body.scrollHeight+30) + 'px';\n  };\n  frame.onload = resize;\n  window.document.addEventListener('resizeEvent', resize);\n<\/script>\n\n\n\n<div style=\"height:51px\" aria-hidden=\"true\" class=\"wp-block-spacer\"><\/div>\n\n\n\n<p>Foto: Johannes Kestel<\/p>\n","protected":false},"excerpt":{"rendered":"<p>2024 geht&#8217;s los mit der Fundesliga! Hiermit sind alle RDD-zertifizierten Spiele gemeint, die nicht Teil eines Wettkampfs &#8211; wie etwa der Bundesliga &#8211; sind. Es gelten \u00e4hnliche Regeln wie f\u00fcr Bundesligaspiele, aber anstatt Strafen gibt es bei Formfehlern Hilfe, damit es beim n\u00e4chsten Mal besser wird. Das soll aber vor allem kleinere Leagues beim Einstieg&hellip;&nbsp;<a href=\"https:\/\/rollerderbygermany.de\/?page_id=1203\" rel=\"bookmark\">Weiterlesen &raquo;<span class=\"screen-reader-text\">Fundesliga<\/span><\/a><\/p>\n","protected":false},"author":2,"featured_media":1378,"parent":0,"menu_order":0,"comment_status":"closed","ping_status":"closed","template":"","meta":{"neve_meta_sidebar":"","neve_meta_container":"","neve_meta_enable_content_width":"","neve_meta_content_width":0,"neve_meta_title_alignment":"","neve_meta_author_avatar":"","neve_post_elements_order":"","neve_meta_disable_header":"","neve_meta_disable_footer":"","neve_meta_disable_title":"","_themeisle_gutenberg_block_has_review":false,"footnotes":""},"class_list":["post-1203","page","type-page","status-publish","has-post-thumbnail","hentry"],"_links":{"self":[{"href":"https:\/\/rollerderbygermany.de\/index.php?rest_route=\/wp\/v2\/pages\/1203","targetHints":{"allow":["GET"]}}],"collection":[{"href":"https:\/\/rollerderbygermany.de\/index.php?rest_route=\/wp\/v2\/pages"}],"about":[{"href":"https:\/\/rollerderbygermany.de\/index.php?rest_route=\/wp\/v2\/types\/page"}],"author":[{"embeddable":true,"href":"https:\/\/rollerderbygermany.de\/index.php?rest_route=\/wp\/v2\/users\/2"}],"replies":[{"embeddable":true,"href":"https:\/\/rollerderbygermany.de\/index.php?rest_route=%2Fwp%2Fv2%2Fcomments&post=1203"}],"version-history":[{"count":5,"href":"https:\/\/rollerderbygermany.de\/index.php?rest_route=\/wp\/v2\/pages\/1203\/revisions"}],"predecessor-version":[{"id":1424,"href":"https:\/\/rollerderbygermany.de\/index.php?rest_route=\/wp\/v2\/pages\/1203\/revisions\/1424"}],"wp:featuredmedia":[{"embeddable":true,"href":"https:\/\/rollerderbygermany.de\/index.php?rest_route=\/wp\/v2\/media\/1378"}],"wp:attachment":[{"href":"https:\/\/rollerderbygermany.de\/index.php?rest_route=%2Fwp%2Fv2%2Fmedia&parent=1203"}],"curies":[{"name":"wp","href":"https:\/\/api.w.org\/{rel}","templated":true}]}}