{"id":1223,"date":"2024-10-20T11:14:53","date_gmt":"2024-10-20T11:14:53","guid":{"rendered":"https:\/\/rollerderbygermany.de\/?page_id=1223"},"modified":"2026-03-10T17:22:24","modified_gmt":"2026-03-10T17:22:24","slug":"ausschreibung-team-management-nationalteams","status":"publish","type":"page","link":"https:\/\/rollerderbygermany.de\/?page_id=1223","title":{"rendered":"Ausschreibung: Team-Management Nationalteams"},"content":{"rendered":"\n<div style=\"height:100px\" aria-hidden=\"true\" class=\"wp-block-spacer\"><\/div>\n\n\n\n<h2 class=\"wp-block-heading\"><strong>Team G FLINTA* sucht Management<\/strong><\/h2>\n\n\n\n<p>Team G FLINTA* ist mehr als nur die Skater*innen auf dem Track &#8211; Team Many ist die Summe aus vielen Menschen, die mit Energie und Leidenschaft auf ein gemeinsames Ziel hinarbeiten. Wie ein Puzzle f\u00fcgt sich hier alles zusammen. Doch derzeit fehlt das Teilchen \u201cManagement\u201d &#8211; oder vielleicht eher die Puzzleteile, Plural?<\/p>\n\n\n\n<p>Damit \u201cTeamwork makes the Dream work\u201d nicht nur eine leere Worth\u00fclse bleibt, sucht der RDD nach einer Management-Crew, die gemeinsam mit den Head Coaches und den Skater*innen das Team auf dem Weg zu einer m\u00f6glichen Europameister*innenschaft 2027 (und gerne dar\u00fcber hinaus!) begleitet.<\/p>\n\n\n\n<p>Das Team-Management spielt eine zentrale Rolle, die &#8211; das soll nicht verheimlicht werden &#8211; viel Verantwortung mit sich bringt. Der RDD ermutigt daher ausdr\u00fccklich, dass sich mehrere Personen f\u00fcr diese Aufgabe zusammenfinden, um ihre St\u00e4rken einzubringen und gemeinsam in der Position zu wachsen. Alle Bewerbungen sind willkommen, sowohl von Einzelpersonen, die sich vernetzen wollen, als auch von Duos oder einer Gruppe.<\/p>\n\n\n\n<p><strong>Meldet euch bei konkretem Interesse oder auch einem ersten Wunsch nach Kennenlernen und Austausch bis zum 30.04.2026 per E-Mail an <\/strong><a href=\"mailto:vorstand@rollerderbygermany.de\"><strong>vorstand@rollerderbygermany.de<\/strong><\/a><\/p>\n\n\n\n<h2 class=\"wp-block-heading\">Dein Beitrag zum Team<\/h2>\n\n\n\n<p>Team G FLINTA* ist bereits mit den Coaches Scuzzbunny und Pochard, die inhaltlich die Trainings und das Team leiten, sowie mit verschiedenen Komitees, in denen die Skater*innen selbst\u00e4ndig Themen wie z.B. Sponsoring, Presse oder Awareness bearbeiten, gut aufgestellt.&nbsp;&nbsp;<\/p>\n\n\n\n<p>Der RDD Vorstand steht dem Management zudem in regelm\u00e4\u00dfigen Terminen und bei kurzfristigen Austauschw\u00fcnschen unterst\u00fctzend zur Seite.&nbsp;<\/p>\n\n\n\n<h3 class=\"wp-block-heading\">Die Management-Crew \u00fcbernimmt daneben folgende Aufgaben:<\/h3>\n\n\n\n<ul class=\"wp-block-list\">\n<li>Allgemeine Planung, Kommunikation und Organisation rund um Team Many<\/li>\n\n\n\n<li>Bestehende Strukturen pr\u00fcfen und anpassen<\/li>\n\n\n\n<li>Passende Aufgaben an die Komitees delegieren und die Ergebnisse steuern<\/li>\n\n\n\n<li>Bindeglied zwischen RDD, dem Trainer*innenstab und Team<\/li>\n\n\n\n<li>\u00dcberblick \u00fcber die Finanzen, Verwaltung des Budgets und Koordination von Zahlungen.<\/li>\n\n\n\n<li>Planung von Sichtungen, Trainingswochenenden, Einzelspielen und ggf. Turnieren.<\/li>\n\n\n\n<li>Logistik wie Unterkunft, Verpflegung und Reisedetails<\/li>\n\n\n\n<li>Steuerung von administrative Themen \u2013 von Trikots bis Merchandise.<\/li>\n\n\n\n<li>Beitrag zur positiven Teamkultur &amp; ein offenes Ohr f\u00fcr alle Mitglieder von Team Many<\/li>\n<\/ul>\n\n\n\n<h2 class=\"wp-block-heading\">Dein Weg ins Team<\/h2>\n\n\n\n<p>Sicher kann es ein Vorteil sein, wenn du\/ihr schon im Derby-Management t\u00e4tig seid oder wart &#8211; aber es ist kein Muss. Viel wichtiger ist die Lust, sich aktiv und mit Einsatz im Team einzubringen, sich in neue Themen einzuarbeiten, Dinge in die Hand zu nehmen und sich offen wie organisiert den Aufgaben zu stellen.&nbsp;<\/p>\n\n\n\n<p>Gesucht werden Menschen, die l\u00f6sungsorientiert und wohlwollend kommunizieren und mit denen das Team sowie der Vorstand alle H\u00fcrden meistern und Meilensteine feiern kann.&nbsp;<\/p>\n\n\n\n<p>Also: Du hast richtig Bock drauf, internationale Derby-Events zu veranstalten? Oder bist du firm in Sachen Zahlen und Finanzen und willst dieses Know-how beisteuern? Du liebst es Organisations-Aufgaben zu \u00fcbernehmen und To-do-Listen abzuhaken? Die Planung von Reisen liegt dir und auch im privaten Urlaub bist du daf\u00fcr bekannt, alle Mitreisenden sicher zum Hotel zu bekommen? Egal, welche St\u00e4rke deine ist &#8211; in der Management-Crew kannst du deine individuellen F\u00e4higkeiten voll zum Einsatz bringen und somit einen entscheidenden Beitrag zum Erfolg von Team G FLINTA* leisten.<\/p>\n\n\n\n<div style=\"height:100px\" aria-hidden=\"true\" class=\"wp-block-spacer\"><\/div>\n","protected":false},"excerpt":{"rendered":"<p>Team G FLINTA* sucht Management Team G FLINTA* ist mehr als nur die Skater*innen auf dem Track &#8211; Team Many ist die Summe aus vielen Menschen, die mit Energie und Leidenschaft auf ein gemeinsames Ziel hinarbeiten. Wie ein Puzzle f\u00fcgt sich hier alles zusammen. Doch derzeit fehlt das Teilchen \u201cManagement\u201d &#8211; oder vielleicht eher die&hellip;&nbsp;<a href=\"https:\/\/rollerderbygermany.de\/?page_id=1223\" rel=\"bookmark\">Weiterlesen &raquo;<span class=\"screen-reader-text\">Ausschreibung: Team-Management Nationalteams<\/span><\/a><\/p>\n","protected":false},"author":2,"featured_media":1916,"parent":19,"menu_order":0,"comment_status":"closed","ping_status":"closed","template":"","meta":{"neve_meta_sidebar":"","neve_meta_container":"","neve_meta_enable_content_width":"","neve_meta_content_width":0,"neve_meta_title_alignment":"","neve_meta_author_avatar":"","neve_post_elements_order":"","neve_meta_disable_header":"","neve_meta_disable_footer":"","neve_meta_disable_title":"on","_themeisle_gutenberg_block_has_review":false,"footnotes":""},"class_list":["post-1223","page","type-page","status-publish","has-post-thumbnail","hentry"],"_links":{"self":[{"href":"https:\/\/rollerderbygermany.de\/index.php?rest_route=\/wp\/v2\/pages\/1223","targetHints":{"allow":["GET"]}}],"collection":[{"href":"https:\/\/rollerderbygermany.de\/index.php?rest_route=\/wp\/v2\/pages"}],"about":[{"href":"https:\/\/rollerderbygermany.de\/index.php?rest_route=\/wp\/v2\/types\/page"}],"author":[{"embeddable":true,"href":"https:\/\/rollerderbygermany.de\/index.php?rest_route=\/wp\/v2\/users\/2"}],"replies":[{"embeddable":true,"href":"https:\/\/rollerderbygermany.de\/index.php?rest_route=%2Fwp%2Fv2%2Fcomments&post=1223"}],"version-history":[{"count":8,"href":"https:\/\/rollerderbygermany.de\/index.php?rest_route=\/wp\/v2\/pages\/1223\/revisions"}],"predecessor-version":[{"id":2409,"href":"https:\/\/rollerderbygermany.de\/index.php?rest_route=\/wp\/v2\/pages\/1223\/revisions\/2409"}],"up":[{"embeddable":true,"href":"https:\/\/rollerderbygermany.de\/index.php?rest_route=\/wp\/v2\/pages\/19"}],"wp:featuredmedia":[{"embeddable":true,"href":"https:\/\/rollerderbygermany.de\/index.php?rest_route=\/wp\/v2\/media\/1916"}],"wp:attachment":[{"href":"https:\/\/rollerderbygermany.de\/index.php?rest_route=%2Fwp%2Fv2%2Fmedia&parent=1223"}],"curies":[{"name":"wp","href":"https:\/\/api.w.org\/{rel}","templated":true}]}}