{"id":1232,"date":"2024-01-10T11:32:42","date_gmt":"2024-01-10T11:32:42","guid":{"rendered":"https:\/\/rollerderbygermany.de\/?page_id=1232"},"modified":"2024-02-22T17:02:11","modified_gmt":"2024-02-22T17:02:11","slug":"mitarbeit-in-der-ag-rdd-kalender","status":"publish","type":"page","link":"https:\/\/rollerderbygermany.de\/?page_id=1232","title":{"rendered":"Mitarbeit in der AG RDD Kalender"},"content":{"rendered":"\n<div style=\"height:100px\" aria-hidden=\"true\" class=\"wp-block-spacer\"><\/div>\n\n\n\n<h2 class=\"wp-block-heading\">Unterst\u00fctzung f\u00fcr die AG RDD Kalender gesucht!<\/h2>\n\n\n\n<p>In der Kalender AG beraten wir, wie wir den nextcloud-Kalender am besten f\u00fcr die deutschlandweite und internationale Spielplanung nutzbar machen k\u00f6nnen. Au\u00dferdem koordinieren wir die Nutzer*innenprofile und Anmeldungen. Aktuell ist die AG nicht aktiv. Der RDD w\u00fcrde sich hier \u00fcber Personen freuen, die auch technisches Know-How mitbringen k\u00f6nnen.<\/p>\n\n\n\n<p>Bei Interesse, melde dich per E-Mail an vorstand@rollerderbygermany.de<\/p>\n\n\n\n<div style=\"height:100px\" aria-hidden=\"true\" class=\"wp-block-spacer\"><\/div>\n","protected":false},"excerpt":{"rendered":"<p>Unterst\u00fctzung f\u00fcr die AG RDD Kalender gesucht! In der Kalender AG beraten wir, wie wir den nextcloud-Kalender am besten f\u00fcr die deutschlandweite und internationale Spielplanung nutzbar machen k\u00f6nnen. Au\u00dferdem koordinieren wir die Nutzer*innenprofile und Anmeldungen. Aktuell ist die AG nicht aktiv. Der RDD w\u00fcrde sich hier \u00fcber Personen freuen, die auch technisches Know-How mitbringen k\u00f6nnen.&hellip;&nbsp;<a href=\"https:\/\/rollerderbygermany.de\/?page_id=1232\" rel=\"bookmark\">Weiterlesen &raquo;<span class=\"screen-reader-text\">Mitarbeit in der AG RDD Kalender<\/span><\/a><\/p>\n","protected":false},"author":2,"featured_media":0,"parent":19,"menu_order":0,"comment_status":"closed","ping_status":"closed","template":"","meta":{"neve_meta_sidebar":"","neve_meta_container":"","neve_meta_enable_content_width":"","neve_meta_content_width":0,"neve_meta_title_alignment":"","neve_meta_author_avatar":"","neve_post_elements_order":"","neve_meta_disable_header":"","neve_meta_disable_footer":"","neve_meta_disable_title":"on","_themeisle_gutenberg_block_has_review":false,"footnotes":""},"class_list":["post-1232","page","type-page","status-publish","hentry"],"_links":{"self":[{"href":"https:\/\/rollerderbygermany.de\/index.php?rest_route=\/wp\/v2\/pages\/1232","targetHints":{"allow":["GET"]}}],"collection":[{"href":"https:\/\/rollerderbygermany.de\/index.php?rest_route=\/wp\/v2\/pages"}],"about":[{"href":"https:\/\/rollerderbygermany.de\/index.php?rest_route=\/wp\/v2\/types\/page"}],"author":[{"embeddable":true,"href":"https:\/\/rollerderbygermany.de\/index.php?rest_route=\/wp\/v2\/users\/2"}],"replies":[{"embeddable":true,"href":"https:\/\/rollerderbygermany.de\/index.php?rest_route=%2Fwp%2Fv2%2Fcomments&post=1232"}],"version-history":[{"count":2,"href":"https:\/\/rollerderbygermany.de\/index.php?rest_route=\/wp\/v2\/pages\/1232\/revisions"}],"predecessor-version":[{"id":1408,"href":"https:\/\/rollerderbygermany.de\/index.php?rest_route=\/wp\/v2\/pages\/1232\/revisions\/1408"}],"up":[{"embeddable":true,"href":"https:\/\/rollerderbygermany.de\/index.php?rest_route=\/wp\/v2\/pages\/19"}],"wp:attachment":[{"href":"https:\/\/rollerderbygermany.de\/index.php?rest_route=%2Fwp%2Fv2%2Fmedia&parent=1232"}],"curies":[{"name":"wp","href":"https:\/\/api.w.org\/{rel}","templated":true}]}}