{"id":15,"date":"2019-11-23T11:32:44","date_gmt":"2019-11-23T11:32:44","guid":{"rendered":"http:\/\/rddeutschland.de\/?page_id=15"},"modified":"2024-04-29T19:00:06","modified_gmt":"2024-04-29T19:00:06","slug":"roller-derby","status":"publish","type":"page","link":"https:\/\/rollerderbygermany.de\/?page_id=15","title":{"rendered":"Roller Derby"},"content":{"rendered":"\n<p>Roller Derby ist ein Vollkontaktsport auf Rollen, der sich seit den 2000ern von den USA ausgehend weltweit ausbreitet. Gespielt wird gegen den Uhrzeigersinn auf einer ovalen Bahn nach dem <a href=\"https:\/\/rules.wftda.com\/\" target=\"_blank\" rel=\"noreferrer noopener\"><strong>Regelwerk der WFTDA<\/strong><\/a> (Women\u2019s Flat Track Derby Association). <\/p>\n\n\n\n<p>Ein Team besteht aus maximal <strong>15 Spieler*innen<\/strong>. Gespielt werden zwei 30-min\u00fctige Halbzeiten, welche wiederum in Runden, sog. Jams, unterteilt sind. Zwischen diesen <strong>maximal zweimin\u00fctigen Jams<\/strong> ist jeweils 30 Sekunden Pause. In dieser Zeit stellen sich maximal <strong>f\u00fcnf Spieler*innen jedes Teams<\/strong> f\u00fcr den n\u00e4chsten Jam auf.<\/p>\n\n\n\n<p>Von der WFTDA gibt es ein <a href=\"https:\/\/youtu.be\/OId6gTd2LCM\" target=\"_blank\" rel=\"noreferrer noopener\">Video, das die Grundlagen erkl\u00e4rt<\/a> (auf englisch).<\/p>\n\n\n\n<h2 class=\"wp-block-heading\"><strong>Positionen <\/strong><\/h2>\n\n\n\n<p>Jeweils eine \u201e<strong>Jammer*in<\/strong>\u201c, erkennbar an der Helmhaube mit <strong>Stern, <\/strong>positioniert sich hinter der Jammer-Linie. Diese Person erzielt als einzige*r Spieler*in ihres Teams In einem Jam Punkte durch das \u00dcberrunden von Gegner*innen. Jeweils vier \u201e<strong>Blocker*innen<\/strong>\u201c beziehen meist unmittelbar vor der Linie Stellung. Ihre Aufgabe ist es, durch geschicktes Zusammenspiel die*den gegnerische*n Jammer*in aufzuhalten und der*dem eigenen Jammer*in einen Vorteil zu verschaffen. Jeweils eine blockende Person tr\u00e4gt eine Helmhaube mit <strong>L\u00e4ngsstreifen<\/strong>, sie ist der sogenannte \u201e<strong>Pivot<\/strong>\u201c. Der Pivot allein darf die*der Jammer*in durch einen \u201e<strong>Star Pass<\/strong>\u201c die Haube und somit die punktesammelnde Position \u00fcbergeben.<\/p>\n\n\n\n<h2 class=\"wp-block-heading\"><strong>Ablauf eines Jams<\/strong><\/h2>\n\n\n\n<p><strong>Ein kurzer Pfiff <\/strong>markiert den <strong>Start<\/strong> eines Jams. Daraufhin k\u00e4mpfen sich die Jammer*innen durch das durch die Blocker*innen gebildete \u201e<strong>Pack<\/strong>\u201c. Nur Blocker*innen, die sich in der sogenannten \u201e<strong>Engagement Zone<\/strong>\u201c, befinden, d\u00fcrfen gegnerische Spieler&#8217;innen attackieren. W\u00e4hrend der ersten Durchquerung des Packs erhalten die Jammer*innen keine Punkte. Die*der Jammer*in, die*der als erstes alle Blocker*innen regul\u00e4r \u00fcberholt hat, wird allerdings \u201e<strong>Lead Jammer*in<\/strong>\u201c (<strong>zwei kurze Pfiffe<\/strong>). Diese jammende Person erh\u00e4lt den Vorteil, den Jam vorzeitig durch wiederholtes \u201e<strong>Klopfen<\/strong>\u201c<strong> auf die H\u00fcfte<\/strong> abbrechen zu d\u00fcrfen. Ab der zweiten Durchquerung des Packs erzielen die Jammer*innen f\u00fcr jede \u00fcberrundete gegnerishe Person einen Punkt. <strong>Vier kurze Pfiffe <\/strong>markieren das Ende eines Jams. <\/p>\n\n\n\n<h2 class=\"wp-block-heading\"><strong>Regeln und ihre H\u00fcter*innen<\/strong><\/h2>\n\n\n\n<p>Roller Derby w\u00e4re nicht spielbar ohne <strong>Schiedsrichter*innen<\/strong>, erkennbar an ihrer schwarz-wei\u00df gestreiften Kleidung. Bis zu sieben skatende \u201e<strong>Refs<\/strong>\u201c, sowie mehrere nicht-skatende Officials, die \u201e<strong>NSOs<\/strong>\u201c, \u00fcberwachen das Spielgeschehen und verteilen bei Regelverletzungen Strafen. Erhalten Spieler*innen eine Strafe (<strong>ein langer Pfiff<\/strong>), m\u00fcssen sie sich auf die Strafbank begeben und dort <strong>drei\u00dfig Sekunden <\/strong>Spielzeit absitzen. Betrifft dies eine*n Jammer*in, kommt es zum \u201e<strong>Power Jam<\/strong>\u201c. Power Jams sind manchmal spielentscheidend, da in dieser Zeit lediglich ein Team Punkte erzielt. <strong>Verboten<\/strong> sind beispielsweise Ellenbogenst\u00f6\u00dfe, Treffer in den R\u00fccken sowie Blocken mit dem oder Zielen auf den Kopf, Unterarm oder Unterschenkel. Auch skaten oder \u00fcberholen au\u00dferhalb der Markierungen ist nicht erlaubt.<\/p>\n\n\n\n<p><strong>Du hast selbst Lust auf Derby bekommen?<\/strong> In ganz Deutschland gibt es viele Roller Derby-Leagues, die sich freuen, wenn du bei ihnen zum Schnuppern vorbeischaust!<\/p>\n\n\n\n<div style=\"height:54px\" aria-hidden=\"true\" class=\"wp-block-spacer\"><\/div>\n\n\n\n<p>Foto: Michael Schrieber<\/p>\n","protected":false},"excerpt":{"rendered":"<p>Roller Derby ist ein Vollkontaktsport auf Rollen, der sich seit den 2000ern von den USA ausgehend weltweit ausbreitet. Gespielt wird gegen den Uhrzeigersinn auf einer ovalen Bahn nach dem Regelwerk der WFTDA (Women\u2019s Flat Track Derby Association). Ein Team besteht aus maximal 15 Spieler*innen. Gespielt werden zwei 30-min\u00fctige Halbzeiten, welche wiederum in Runden, sog. Jams,&hellip;&nbsp;<a href=\"https:\/\/rollerderbygermany.de\/?page_id=15\" rel=\"bookmark\">Weiterlesen &raquo;<span class=\"screen-reader-text\">Roller Derby<\/span><\/a><\/p>\n","protected":false},"author":2,"featured_media":1386,"parent":0,"menu_order":0,"comment_status":"closed","ping_status":"closed","template":"","meta":{"neve_meta_sidebar":"","neve_meta_container":"","neve_meta_enable_content_width":"","neve_meta_content_width":0,"neve_meta_title_alignment":"","neve_meta_author_avatar":"","neve_post_elements_order":"","neve_meta_disable_header":"","neve_meta_disable_footer":"","neve_meta_disable_title":"","_themeisle_gutenberg_block_has_review":false,"footnotes":""},"class_list":["post-15","page","type-page","status-publish","has-post-thumbnail","hentry"],"_links":{"self":[{"href":"https:\/\/rollerderbygermany.de\/index.php?rest_route=\/wp\/v2\/pages\/15","targetHints":{"allow":["GET"]}}],"collection":[{"href":"https:\/\/rollerderbygermany.de\/index.php?rest_route=\/wp\/v2\/pages"}],"about":[{"href":"https:\/\/rollerderbygermany.de\/index.php?rest_route=\/wp\/v2\/types\/page"}],"author":[{"embeddable":true,"href":"https:\/\/rollerderbygermany.de\/index.php?rest_route=\/wp\/v2\/users\/2"}],"replies":[{"embeddable":true,"href":"https:\/\/rollerderbygermany.de\/index.php?rest_route=%2Fwp%2Fv2%2Fcomments&post=15"}],"version-history":[{"count":7,"href":"https:\/\/rollerderbygermany.de\/index.php?rest_route=\/wp\/v2\/pages\/15\/revisions"}],"predecessor-version":[{"id":1612,"href":"https:\/\/rollerderbygermany.de\/index.php?rest_route=\/wp\/v2\/pages\/15\/revisions\/1612"}],"wp:featuredmedia":[{"embeddable":true,"href":"https:\/\/rollerderbygermany.de\/index.php?rest_route=\/wp\/v2\/media\/1386"}],"wp:attachment":[{"href":"https:\/\/rollerderbygermany.de\/index.php?rest_route=%2Fwp%2Fv2%2Fmedia&parent=15"}],"curies":[{"name":"wp","href":"https:\/\/api.w.org\/{rel}","templated":true}]}}