{"id":1551,"date":"2024-12-09T16:12:29","date_gmt":"2024-12-09T16:12:29","guid":{"rendered":"https:\/\/rollerderbygermany.de\/?page_id=1551"},"modified":"2024-12-09T16:16:07","modified_gmt":"2024-12-09T16:16:07","slug":"antrag-auf-finanzielle-unterstuetzung-vom-rdd-ressort-diversitaet-und-inklusion","status":"publish","type":"page","link":"https:\/\/rollerderbygermany.de\/?page_id=1551","title":{"rendered":"Antrag auf finanzielle Unterst\u00fctzung vom RDD Ressort Diversit\u00e4t und Inklusion"},"content":{"rendered":"\n<p>Das Ressort Diversit\u00e4t und Inklusion m\u00f6chte Roller Derby-Ligen bei der Bew\u00e4ltigung rund um die Themen Diversit\u00e4t, Inklusion und Awareness auch finanziell unterst\u00fctzen. Uns ist bewusst, dass Bildungsarbeit Geld und Ressourcen kostet, deswegen m\u00f6chten wir es erm\u00f6glichen, Zusch\u00fcsse f\u00fcr Workshops zu beantragen. Roller Derby Leagues k\u00f6nnen \u00fcber das folgende Formular unkompliziert einen Antrag einreichen.<\/p>\n\n\n\n<h2 class=\"wp-block-heading\">Folgende Sachen sind zu beachten:<\/h2>\n\n\n\n<ul class=\"wp-block-list\">\n<li>Jede League kann einmal im Jahr einen Zuschuss-Antrag f\u00fcr die eigene League stellen.<\/li>\n\n\n\n<li>Ein zweiter Antrag kann gestellt werden, wenn die Teilnehmenden aus mehreren Ligen sind.<\/li>\n\n\n\n<li>Der Antrag muss \u00fcber per E-Mail inkl. dem ausgef\u00fclltem Formular an das Ressort Diversit\u00e4t geschickt werden. (Bearbeitungsdauer bis zu 2 Wochen)<\/li>\n\n\n\n<li>Ein Rechnungsnachweis wird ben\u00f6tigt.<\/li>\n\n\n\n<li>Es k\u00f6nnen bis zu 50 Prozent der Gesamtrechnung und nicht mehr als 300 Euro \u00fcbernommen werden.<\/li>\n\n\n\n<li>Der Antrag sollte vor dem Workshop gestellt werden, kann aber bis zu 2 Wochen danach auch noch eingereicht werden.<\/li>\n\n\n\n<li>Wichtig ist der Mehrwert f\u00fcr die Community, das hei\u00dft: Es m\u00fcssen erarbeitete Leitf\u00e4den etc. geteilt werden. Diese sind bis sp\u00e4testens 4 Wochen nach dem Workshop an das Ressort Diversit\u00e4t und Inklusion einzureichen.<\/li>\n<\/ul>\n\n\n\n<h2 class=\"wp-block-heading\">Antrag an das RDD Ressort D&amp;I stellen<\/h2>\n\n\n\n<p>Ihr k\u00f6nnt f\u00fcr euren Antrag das hier bereitgestellte Formular nutzen &#8211; einfach herunterladen und ausgef\u00fcllt per E-Mail an <a href=\"mailto:diversity@rollerderbygermany.de\">diversity@rollerderbygermany.de<\/a> senden.<\/p>\n\n\n\n<div class=\"wp-block-buttons is-layout-flex wp-block-buttons-is-layout-flex\">\n<div class=\"wp-block-button\"><a class=\"wp-block-button__link wp-element-button\" href=\"https:\/\/rollerderbygermany.de\/wp-content\/uploads\/2024\/12\/Antrag-auf-finanzielle-Unterstuetzung_D_und_I_final_bf.docx\">Download Formular (WORD-Dokument)<\/a><\/div>\n<\/div>\n\n\n\n<h3 class=\"wp-block-heading\"><\/h3>\n\n\n\n<div style=\"height:100px\" aria-hidden=\"true\" class=\"wp-block-spacer\"><\/div>\n\n\n\n<p>Foto von <a href=\"https:\/\/unsplash.com\/de\/@kellysikkema?utm_content=creditCopyText&amp;utm_medium=referral&amp;utm_source=unsplash\" target=\"_blank\" rel=\"noopener\">Kelly Sikkema<\/a> auf <a href=\"https:\/\/unsplash.com\/de\/fotos\/weisses-rotes-und-grunes-textil-HHtzGcZkRZY?utm_content=creditCopyText&amp;utm_medium=referral&amp;utm_source=unsplash\" target=\"_blank\" rel=\"noopener\">Unsplash<\/a><\/p>\n","protected":false},"excerpt":{"rendered":"<p>Das Ressort Diversit\u00e4t und Inklusion m\u00f6chte Roller Derby-Ligen bei der Bew\u00e4ltigung rund um die Themen Diversit\u00e4t, Inklusion und Awareness auch finanziell unterst\u00fctzen. Uns ist bewusst, dass Bildungsarbeit Geld und Ressourcen kostet, deswegen m\u00f6chten wir es erm\u00f6glichen, Zusch\u00fcsse f\u00fcr Workshops zu beantragen. Roller Derby Leagues k\u00f6nnen \u00fcber das folgende Formular unkompliziert einen Antrag einreichen. Folgende Sachen&hellip;&nbsp;<a href=\"https:\/\/rollerderbygermany.de\/?page_id=1551\" rel=\"bookmark\">Weiterlesen &raquo;<span class=\"screen-reader-text\">Antrag auf finanzielle Unterst\u00fctzung vom RDD Ressort Diversit\u00e4t und Inklusion<\/span><\/a><\/p>\n","protected":false},"author":2,"featured_media":1559,"parent":0,"menu_order":0,"comment_status":"closed","ping_status":"closed","template":"","meta":{"neve_meta_sidebar":"","neve_meta_container":"","neve_meta_enable_content_width":"","neve_meta_content_width":0,"neve_meta_title_alignment":"","neve_meta_author_avatar":"","neve_post_elements_order":"","neve_meta_disable_header":"","neve_meta_disable_footer":"","neve_meta_disable_title":"","_themeisle_gutenberg_block_has_review":false,"footnotes":""},"class_list":["post-1551","page","type-page","status-publish","has-post-thumbnail","hentry"],"_links":{"self":[{"href":"https:\/\/rollerderbygermany.de\/index.php?rest_route=\/wp\/v2\/pages\/1551","targetHints":{"allow":["GET"]}}],"collection":[{"href":"https:\/\/rollerderbygermany.de\/index.php?rest_route=\/wp\/v2\/pages"}],"about":[{"href":"https:\/\/rollerderbygermany.de\/index.php?rest_route=\/wp\/v2\/types\/page"}],"author":[{"embeddable":true,"href":"https:\/\/rollerderbygermany.de\/index.php?rest_route=\/wp\/v2\/users\/2"}],"replies":[{"embeddable":true,"href":"https:\/\/rollerderbygermany.de\/index.php?rest_route=%2Fwp%2Fv2%2Fcomments&post=1551"}],"version-history":[{"count":19,"href":"https:\/\/rollerderbygermany.de\/index.php?rest_route=\/wp\/v2\/pages\/1551\/revisions"}],"predecessor-version":[{"id":1877,"href":"https:\/\/rollerderbygermany.de\/index.php?rest_route=\/wp\/v2\/pages\/1551\/revisions\/1877"}],"wp:featuredmedia":[{"embeddable":true,"href":"https:\/\/rollerderbygermany.de\/index.php?rest_route=\/wp\/v2\/media\/1559"}],"wp:attachment":[{"href":"https:\/\/rollerderbygermany.de\/index.php?rest_route=%2Fwp%2Fv2%2Fmedia&parent=1551"}],"curies":[{"name":"wp","href":"https:\/\/api.w.org\/{rel}","templated":true}]}}