{"id":17,"date":"2019-11-23T11:32:47","date_gmt":"2019-11-23T11:32:47","guid":{"rendered":"http:\/\/rddeutschland.de\/?page_id=17"},"modified":"2026-02-06T09:09:31","modified_gmt":"2026-02-06T09:09:31","slug":"sportkomission","status":"publish","type":"page","link":"https:\/\/rollerderbygermany.de\/?page_id=17","title":{"rendered":"Sportkommission"},"content":{"rendered":"\n<p>Roller Derby Deutschland (RDD) ist die Sportkommission Roller Derby des <a aria-label=\" (opens in a new tab)\" class=\"rank-math-link\" href=\"https:\/\/driv.de\/\" target=\"_blank\" rel=\"noreferrer noopener\">Deutschen Rollsport und Inline-Verbandes e.V.<\/a> (DRIV)<\/p>\n\n\n\n<h2 class=\"wp-block-heading\">Zu unseren Aufgaben geh\u00f6ren:<\/h2>\n\n\n\n<ul class=\"wp-block-list\">\n<li>Regelung und Organisation des DRIV-Spielbetriebs Roller Derby (Bundesliga) in Deutschland<\/li>\n\n\n\n<li>Koordination mit \u00fcbernationalen Organisationen, insbesondere der <a aria-label=\" (opens in a new tab)\" class=\"rank-math-link\" href=\"http:\/\/www.wftda.com\" target=\"_blank\" rel=\"noreferrer noopener\">Women&#8217;s Flat Track Derby Association<\/a> (WFTDA)<\/li>\n\n\n\n<li>Betreuung und Nominierung der Nationalteams FLINTA* und All-Gender<\/li>\n\n\n\n<li>Ausbildung\/Zertifizierung von Trainer*innen und Schiedsrichter*innen<\/li>\n\n\n\n<li>Erstellung der Sportordnung Roller Derby<\/li>\n<\/ul>\n\n\n\n<p>Die Sportkommission setzt sich zusammen aus den gew\u00e4hlten Vertreter*innen der beim DRIV gemeldeten Sportvereine, in denen Roller Derby angeboten wird. Die Anmeldung beim DRIV erfolgt \u00fcber die jeweiligen Landesverb\u00e4nde. Eine Liste aller Landesverb\u00e4nde findet sich auf <a class=\"rank-math-link\" href=\"https:\/\/www.driv.de\/infos-2\/#landesverbande\" target=\"_blank\" rel=\"noopener\">driv.de<\/a>.<\/p>\n\n\n\n<h2 class=\"wp-block-heading\">Der RDD Vorstand<\/h2>\n\n\n\n<p>Der aktuell gew\u00e4hlte Vorstand der Sportkommission Roller Derby setzt sich wie folgt zusammen:<\/p>\n\n\n\n<h3 class=\"wp-block-heading\"><strong>1. Vorsitzende:<\/strong><\/h3>\n\n\n\n<p>Mascha Heiderich \/ Kitty, Rolling Rat Pack Regensburg (Pronomen sie\/ihr; Anrede &#8222;Liebe Mascha\/Liebe Kitty&#8230;&#8220;)<br><br><a class=\"rank-math-link\" href=\"mailto: vorstand@rollerderbygermany.de\">E-Mail<\/a><\/p>\n\n\n\n<h3 class=\"wp-block-heading\"><strong>2. Vorsitzende:<\/strong><\/h3>\n\n\n\n<p>Julia Beblo \/ CC, Rolling Rat Pack Regensburg (Pronomen sie\/ihr; Anrede &#8222;Liebe CC&#8230;&#8220;)<br><br><a class=\"rank-math-link\" href=\"mailto: presse@rollerderbygermany.de\">E-Mail<\/a><\/p>\n\n\n\n<h3 class=\"wp-block-heading\"><strong>Mitarbeitende im Vorsitz:<\/strong><\/h3>\n\n\n\n<p>Barbara Kotzulla \/ Babsi Balboa, RuhrPott Roller Derby (Pronomen sie\/ihr; Anrede &#8222;Liebe Babsi&#8230;&#8220;)<br><br><a class=\"rank-math-link\" href=\"mailto: presse@rollerderbygermany.de\">E-Mail<\/a><\/p>\n\n\n\n<h3 class=\"wp-block-heading\"><strong>Ressortleitung Sport- und Spielbetrieb:<\/strong><\/h3>\n\n\n\n<p>Frank Weinberg \/ Speedy Convalesce, Star Track<\/p>\n\n\n\n<p>Die Spielleitung wird unterst\u00fctzt von Juliane Neidhardt \/ Jooligan (Roller Derby Erfurt, Bear City Roller Derby; Pronomen sie\/ihr; Anrede &#8222;Liebe Jools\/Juliane&#8230;&#8220;) und Steve Yuan \/ Math Murderer (Roller Derby Erfurt, Roller Derby Karlsruhe; Pronomen er\/ihn) <br><br><a class=\"rank-math-link\" href=\"mailto: bundesliga@rollerderbygermany.de\">E-Mail<\/a><\/p>\n\n\n\n<h3 class=\"wp-block-heading\"><strong>Ressortleitung Officials:<\/strong><\/h3>\n\n\n\n<p>Alice Seehase \/ German Angst a.k.a. Lizzy Slaughter, Bear City Roller Derby<br>Christina Faure \/ Lil Monstah, RuhrPott Roller Derby<\/p>\n\n\n\n<p>Das Ressort wird unterst\u00fctzt von Alice Rau \/ Ute Rusz (Roller Derby Dresden; Pronomen sie\/ihr; Anrede &#8222;Liebe Ute\/Alice&#8230;&#8220;).<br><br><a href=\"mailto: officials@rollerderbygermany.de\">E-Mail<\/a><\/p>\n\n\n\n<h3 class=\"wp-block-heading\"><strong>Diversit\u00e4t und Inklusion:<\/strong><\/h3>\n\n\n\n<p>Emilie Bigorgne \/ Pochard (Pronomen: xier\/sie; St. Pauli Roller Derby)<\/p>\n\n\n\n<p>Das Ressort wird unterst\u00fctzt von Navina Mai \/ brain storm (Pronomen: xie\/xier; Independent) und Laura Mietzsch \/ Bloody Biatchotti (Pronomen: sie\/ihr; Roller Derby Dresden).<\/p>\n\n\n\n<p><a href=\"mailto:diversity@rollerderbygermany.de\">E-Mail<\/a><\/p>\n\n\n\n<h3 class=\"wp-block-heading\"><strong>Aktivensprecher*in<\/strong>nen:<\/h3>\n\n\n\n<p>Thilo Ivy Kuhfeldt \/ Evil Ivy, RuhrPott Roller Derby (Pronomen: xier\/xier\u00b4s \/\/ they\/them; Anrede \u201eHey Ivy\u2026\u201c)<\/p>\n\n\n\n<p>Adde Cosmo M\u00fcller \/ Cosmo, Cologne Roller Derby \/ Roller Derby Erfurt (Pronomen: er\/ihm; Anrede:  \u201eLieber Cosmo..&#8220;,  \u201eHallo Cosmo&#8230;&#8220;<br><br><a class=\"rank-math-link\" href=\"mailto:athletes@rollerderbygermany.de\">E-Mail<\/a><\/p>\n\n\n\n<h3 class=\"wp-block-heading\"><strong>Jugendwart*in:<\/strong><\/h3>\n\n\n\n<p>aktuell nicht besetzt<\/p>\n\n\n\n<p><a class=\"rank-math-link\" href=\"mailto: juniors@rollerderbygermany.de\">E-Mail<\/a><\/p>\n\n\n\n<h3 class=\"wp-block-heading\"><strong>Management Nationalteams:<\/strong><\/h3>\n\n\n\n<p><em>FLINTA<\/em>*<br>Silke Wirschinger \/ Kamikaze Queen (Pronomen: sie\/ihr; RuhrPott Roller Derby)<br><a class=\"rank-math-link\" href=\"mailto: management@rollerderbygermany.de\">E- Mail<\/a><\/p>\n\n\n\n<p><em>AllGender<\/em>*<br>Dennis Wolf (Pronomen: er\/ihm; Cologne Roller Derby, Roller Derby Erfurt)<br><a href=\"mailto: management.allgender@rollerderbygermany.de\">E-Mail<\/a><\/p>\n\n\n\n<h3 class=\"wp-block-heading\"><strong>Arbeitsgruppe Trainer*innen-Ausbildung:<\/strong><\/h3>\n\n\n\n<p>Emilie Bigorgne \/ Pochard (Pronomen: xier\/sie; St. Pauli Roller Derby)<\/p>\n\n\n\n<p><a class=\"rank-math-link\" href=\"mailto:ausbildung@rollerderbygermany.de\" target=\"_blank\" rel=\"noreferrer noopener\">E-Mail<\/a><\/p>\n\n\n\n<h3 class=\"wp-block-heading\"><strong>Schiedskommission:<\/strong><\/h3>\n\n\n\n<p>Unabh\u00e4ngige Einspruchsinstanz, deren f\u00fcnf Angeh\u00f6rige sich <br>a) aus unterschiedlichen Landesverb\u00e4nden rekrutieren und die<br>b) nicht dem SK-Vorstand angeh\u00f6ren.<\/p>\n\n\n\n<p><a class=\"rank-math-link\" href=\"mailto:einspruch@rollerderbygermany.de\" target=\"_blank\" rel=\"noreferrer noopener\">E-Mail<\/a><\/p>\n\n\n\n<div style=\"height:100px\" aria-hidden=\"true\" class=\"wp-block-spacer\"><\/div>\n","protected":false},"excerpt":{"rendered":"<p>Roller Derby Deutschland (RDD) ist die Sportkommission Roller Derby des Deutschen Rollsport und Inline-Verbandes e.V. (DRIV) Zu unseren Aufgaben geh\u00f6ren: Die Sportkommission setzt sich zusammen aus den gew\u00e4hlten Vertreter*innen der beim DRIV gemeldeten Sportvereine, in denen Roller Derby angeboten wird. Die Anmeldung beim DRIV erfolgt \u00fcber die jeweiligen Landesverb\u00e4nde. Eine Liste aller Landesverb\u00e4nde findet sich&hellip;&nbsp;<a href=\"https:\/\/rollerderbygermany.de\/?page_id=17\" rel=\"bookmark\">Weiterlesen &raquo;<span class=\"screen-reader-text\">Sportkommission<\/span><\/a><\/p>\n","protected":false},"author":2,"featured_media":1389,"parent":0,"menu_order":0,"comment_status":"closed","ping_status":"closed","template":"","meta":{"neve_meta_sidebar":"","neve_meta_container":"","neve_meta_enable_content_width":"","neve_meta_content_width":0,"neve_meta_title_alignment":"","neve_meta_author_avatar":"","neve_post_elements_order":"","neve_meta_disable_header":"","neve_meta_disable_footer":"","neve_meta_disable_title":"","_themeisle_gutenberg_block_has_review":false,"footnotes":""},"class_list":["post-17","page","type-page","status-publish","has-post-thumbnail","hentry"],"_links":{"self":[{"href":"https:\/\/rollerderbygermany.de\/index.php?rest_route=\/wp\/v2\/pages\/17","targetHints":{"allow":["GET"]}}],"collection":[{"href":"https:\/\/rollerderbygermany.de\/index.php?rest_route=\/wp\/v2\/pages"}],"about":[{"href":"https:\/\/rollerderbygermany.de\/index.php?rest_route=\/wp\/v2\/types\/page"}],"author":[{"embeddable":true,"href":"https:\/\/rollerderbygermany.de\/index.php?rest_route=\/wp\/v2\/users\/2"}],"replies":[{"embeddable":true,"href":"https:\/\/rollerderbygermany.de\/index.php?rest_route=%2Fwp%2Fv2%2Fcomments&post=17"}],"version-history":[{"count":38,"href":"https:\/\/rollerderbygermany.de\/index.php?rest_route=\/wp\/v2\/pages\/17\/revisions"}],"predecessor-version":[{"id":2345,"href":"https:\/\/rollerderbygermany.de\/index.php?rest_route=\/wp\/v2\/pages\/17\/revisions\/2345"}],"wp:featuredmedia":[{"embeddable":true,"href":"https:\/\/rollerderbygermany.de\/index.php?rest_route=\/wp\/v2\/media\/1389"}],"wp:attachment":[{"href":"https:\/\/rollerderbygermany.de\/index.php?rest_route=%2Fwp%2Fv2%2Fmedia&parent=17"}],"curies":[{"name":"wp","href":"https:\/\/api.w.org\/{rel}","templated":true}]}}