{"id":21,"date":"2019-11-23T11:32:36","date_gmt":"2019-11-23T11:32:36","guid":{"rendered":"http:\/\/rddeutschland.de\/?page_id=21"},"modified":"2025-12-27T16:23:14","modified_gmt":"2025-12-27T16:23:14","slug":"nationalteams","status":"publish","type":"page","link":"https:\/\/rollerderbygermany.de\/?page_id=21","title":{"rendered":"Nationalteams"},"content":{"rendered":"\n<p>Das Ziel der Nationalmannschaften ist es, das sportliche K\u00f6nnen, den Sports- und Teamgeist der einzelnen Spieler*innen, sowie Roller Derby als Sport zu f\u00f6rdern und weiterzuentwickeln. Um sich auf internationale Wettk\u00e4mpfe vorzubereiten, traineren die Nationalmannschaften regelm\u00e4\u00dfig an unterschiedlichen Orten in Deutschland.<\/p>\n\n\n\n<h2 class=\"wp-block-heading\">Historie<\/h2>\n\n\n\n<p>Die erste Nationalmannschaft der Frauen wurde 2010 von den damals bestehenden Roller Derby-Vereinen gegr\u00fcndet und nahm im Winter 2011 in Toronto, Kanada, gemeinsam mit 12 anderen Nationen an der ersten Roller Derby Weltmeisterschaft \u00fcberhaupt teil. Damals traten Teams aus 13 L\u00e4ndern und vier Kontinenten gegeneinander an, Deutschland belegte am Ende Platz 9.<\/p>\n\n\n\n<p>Die Nationalmannschaft der M\u00e4nner wurde drei Jahre sp\u00e4ter anl\u00e4sslich des ersten Men&#8217;s World Cup gegr\u00fcndet. Die M\u00e4nner erspielten gegen 14 andere Nationen im M\u00e4rz 2014 den 11. Platz.<\/p>\n\n\n\n<h2 class=\"wp-block-heading\">Team G FLINTA* und TEAM G All Gender<\/h2>\n\n\n\n<p>Seit Februar 2022 teilen wir die Nationalteams statt in Frauen* und M\u00e4nner* in FLINTA* (Frauen, Lesben, inter, nicht-bin\u00e4re und trans Personen) und all-gender (Teilnahme unabh\u00e4ngig von Geschlecht m\u00f6glich). <\/p>\n\n\n\n<div class=\"wp-block-columns is-layout-flex wp-container-core-columns-is-layout-9d6595d7 wp-block-columns-is-layout-flex\">\n<div class=\"wp-block-column is-layout-flow wp-block-column-is-layout-flow\">\n<div class=\"wp-block-buttons is-content-justification-center is-layout-flex wp-container-core-buttons-is-layout-16018d1d wp-block-buttons-is-layout-flex\">\n<div class=\"wp-block-button\"><a class=\"wp-block-button__link wp-element-button\" href=\"https:\/\/rollerderbygermany.de\/?page_id=23\">Weiter zu TEAM G FLINTA*<\/a><\/div>\n<\/div>\n<\/div>\n\n\n\n<div class=\"wp-block-column is-layout-flow wp-block-column-is-layout-flow\">\n<div class=\"wp-block-buttons is-content-justification-center is-layout-flex wp-container-core-buttons-is-layout-16018d1d wp-block-buttons-is-layout-flex\">\n<div class=\"wp-block-button\"><a class=\"wp-block-button__link wp-element-button\" href=\"https:\/\/rollerderbygermany.de\/?page_id=25\">Weiter zu TEAM G ALL GENDER<\/a><\/div>\n<\/div>\n<\/div>\n<\/div>\n\n\n\n<div style=\"height:50px\" aria-hidden=\"true\" class=\"wp-block-spacer\"><\/div>\n\n\n\n<h2 class=\"wp-block-heading\"><strong>Ewige Tabelle<\/strong><\/h2>\n\n\n\n<figure class=\"wp-block-table\"><table><tbody><tr><td><strong>Jahr&nbsp; <\/strong><\/td><td><strong>Platzierung Frauen\/FLINTA*<br><\/strong><\/td><td><strong>Platzierung M\u00e4nner\/all-gender<\/strong><\/td><\/tr><tr><td><strong>2011<\/strong><\/td><td>9. Platz (von 13)<\/td><td>&#8211;<\/td><\/tr><tr><td><strong>2014<\/strong><\/td><td>Vorrunde (von 30)<\/td><td>11. Platz (von 15)<\/td><\/tr><tr><td><strong>2016<\/strong><\/td><td>&#8211;<\/td><td>14. Platz (von 20)<\/td><\/tr><tr><td><strong>2018<\/strong><\/td><td>13. Platz (von 38)<\/td><td>15. Platz (von 25)<\/td><\/tr><tr><td><strong>2025<\/strong><\/td><td>~23. Platz (von 48)<\/td><td>&#8211;<\/td><\/tr><\/tbody><\/table><\/figure>\n\n\n\n<p>Foto: J\u00fcrgen Ziegler<\/p>\n\n\n\n<p><\/p>\n","protected":false},"excerpt":{"rendered":"<p>Das Ziel der Nationalmannschaften ist es, das sportliche K\u00f6nnen, den Sports- und Teamgeist der einzelnen Spieler*innen, sowie Roller Derby als Sport zu f\u00f6rdern und weiterzuentwickeln. Um sich auf internationale Wettk\u00e4mpfe vorzubereiten, traineren die Nationalmannschaften regelm\u00e4\u00dfig an unterschiedlichen Orten in Deutschland. Historie Die erste Nationalmannschaft der Frauen wurde 2010 von den damals bestehenden Roller Derby-Vereinen gegr\u00fcndet&hellip;&nbsp;<a href=\"https:\/\/rollerderbygermany.de\/?page_id=21\" rel=\"bookmark\">Weiterlesen &raquo;<span class=\"screen-reader-text\">Nationalteams<\/span><\/a><\/p>\n","protected":false},"author":2,"featured_media":1363,"parent":0,"menu_order":0,"comment_status":"closed","ping_status":"closed","template":"","meta":{"neve_meta_sidebar":"","neve_meta_container":"","neve_meta_enable_content_width":"","neve_meta_content_width":0,"neve_meta_title_alignment":"","neve_meta_author_avatar":"","neve_post_elements_order":"","neve_meta_disable_header":"","neve_meta_disable_footer":"","neve_meta_disable_title":"","_themeisle_gutenberg_block_has_review":false,"footnotes":""},"class_list":["post-21","page","type-page","status-publish","has-post-thumbnail","hentry"],"_links":{"self":[{"href":"https:\/\/rollerderbygermany.de\/index.php?rest_route=\/wp\/v2\/pages\/21","targetHints":{"allow":["GET"]}}],"collection":[{"href":"https:\/\/rollerderbygermany.de\/index.php?rest_route=\/wp\/v2\/pages"}],"about":[{"href":"https:\/\/rollerderbygermany.de\/index.php?rest_route=\/wp\/v2\/types\/page"}],"author":[{"embeddable":true,"href":"https:\/\/rollerderbygermany.de\/index.php?rest_route=\/wp\/v2\/users\/2"}],"replies":[{"embeddable":true,"href":"https:\/\/rollerderbygermany.de\/index.php?rest_route=%2Fwp%2Fv2%2Fcomments&post=21"}],"version-history":[{"count":7,"href":"https:\/\/rollerderbygermany.de\/index.php?rest_route=\/wp\/v2\/pages\/21\/revisions"}],"predecessor-version":[{"id":2219,"href":"https:\/\/rollerderbygermany.de\/index.php?rest_route=\/wp\/v2\/pages\/21\/revisions\/2219"}],"wp:featuredmedia":[{"embeddable":true,"href":"https:\/\/rollerderbygermany.de\/index.php?rest_route=\/wp\/v2\/media\/1363"}],"wp:attachment":[{"href":"https:\/\/rollerderbygermany.de\/index.php?rest_route=%2Fwp%2Fv2%2Fmedia&parent=21"}],"curies":[{"name":"wp","href":"https:\/\/api.w.org\/{rel}","templated":true}]}}