{"id":2172,"date":"2025-12-04T11:21:10","date_gmt":"2025-12-04T11:21:10","guid":{"rendered":"https:\/\/rollerderbygermany.de\/?page_id=2172"},"modified":"2025-12-04T11:33:17","modified_gmt":"2025-12-04T11:33:17","slug":"rdd-statement-geschlechtszugehoerigkeit","status":"publish","type":"page","link":"https:\/\/rollerderbygermany.de\/?page_id=2172","title":{"rendered":"RDD Statement Geschlechtszugeh\u00f6rigkeit"},"content":{"rendered":"\n<p><strong>Roller Derby hat den Anspruch als Sport ein Schutzraum f\u00fcr von Diskriminierung betroffenen Personen zu sein. Dazu z\u00e4hlt auch ganz klar, Menschen unabh\u00e4ngig von ihrer Geschlechtszugeh\u00f6rigkeit bei uns einen sicheren Raum zu bieten, in dem sie sich entfalten und ihre sportlichen Ziele erreichen k\u00f6nnen.<\/strong> Unsere Positionierung dazu ist auch in unserer <a href=\"https:\/\/rollerderbygermany.de\/?page_id=959\" data-type=\"page\" data-id=\"959\">RDD Sportordnung<\/a> festgelegt.<\/p>\n\n\n\n<p>Der Spielbetrieb ist in die Klassen FLINTA* und all-gender unterteilt. FLINTA* steht f\u00fcr Frauen, Lesben, inter* Menschen, nicht-bin\u00e4re* Menschen, trans* Menschen und agender* Menschen. Der Stern steht repr\u00e4sentativ f\u00fcr alle weiteren Geschlechtszugeh\u00f6rigkeiten, die sich diesen \u00dcberbegriffen zuordnen. Entscheidend f\u00fcr die Zuordnung der Sportler*innen zur Klasse FLINTA* ist deren Zugeh\u00f6rigkeit. Sportler*innen sind in allen Klassen spielberechtigt, die sie f\u00fcr sich als passend empfinden. In der Klasse all-gender sind alle Sportler*innen unabh\u00e4ngig von ihrer Geschlechtszugeh\u00f6rigkeit spielberechtigt. Vermeintliche medizinische Kriterien finden bei der Einteilung aller Klassen keine Ber\u00fccksichtigung.<br><br>Wir stellen uns klar gegen Narrative, dass bestimmte Geschlechtszugeh\u00f6rigkeiten nur Phasen, komische Gef\u00fchle oder ausgedacht sind. Das ist schlichtweg einfach nicht wahr. Wir reden hier von Lebensrealit\u00e4ten, die es auch nicht erst seit gestern gibt. Das st\u00e4ndige in Fragestellen von nicht-heteronormativen Geschlechtszugeh\u00f6rigkeiten negiert diese Lebensrealit\u00e4ten. Auch wenn das neue Selbstbestimmungsgesetz es Menschen erm\u00f6glicht ihr Geschlecht auch korrekt eintragen zu lassen, sollte es bekannt sein, dass es Menschen gibt die diesen Prozess (noch) nicht durchgehen m\u00f6chten aus verschiedensten Gr\u00fcnden, z.B. Angst vor Outing-Situationen im Alltag und damit einhergehende Gewalt.<br><br><strong>Wir als Roller Derby Community spielen in der FLINTA* Spielklasse nach den Regeln der WFTDA, unserer internationalen Dachorganisation, die sich ebenfalls so positioniert, wie wir das als Sportkommission Roller Derby Deutschland tun.<\/strong><br><br>Es wird argumentiert, dass statistische Erhebungen diese Abfrage f\u00fcr eine realistische Abbildung ben\u00f6tigen. Wenn hier aber die nicht-heteronormativen Geschlechtszugeh\u00f6rigkeiten infrage gestellt werden, als Phasen, komische Gef\u00fchle oder als ausgedacht dargestellt werden, dann verf\u00e4lscht es die Realit\u00e4t, die angeblich abgefragt werden soll. Dann k\u00f6nnen wir uns gern die Frage stellen, wem diese Statistiken eigentlich n\u00fctzen.<br><br>Es ist auch unangemessen zu erwarten, dass Menschen Geburtsurkunden oder andere Nachweise vorlegen m\u00fcssen, um am Ende Teilhabe in einem sportlichen und gemeinn\u00fctzigen Raum zu erhalten. Das sind Vorgehensweisen, die wir nicht unterst\u00fctzen und die stark an Verfahren aus Zeiten erinnern, in denen Menschen genau aufgrund von bestimmten vermeintlichen Merkmalen als unwertig kategorisiert worden sind. Das wird es bei uns in der Roller Derby Community nicht geben.<br><br><strong>Wir stehen ganz klar zu trans*, inter* nicht-bin\u00e4ren* und agender* Personen und wir werden alles N\u00f6tige tun, um diese zu sch\u00fctzen, gerade in diesen unsicheren politischen Zeiten. <\/strong>Jede Person, die einem marginalisierten Geschlecht angeh\u00f6rt, ist ungeachtet ihres Aussehens oder des ihnen bei der Geburt zugewiesenen Geschlechts willkommen und muss sich nicht in Form von Dokumenten offenbaren. Die geschlechtliche Zugeh\u00f6rigkeit der Mitglieder der RDD wird als vertraulich und privat behandelt, bis die betreffende Person entscheidet, zu welchem Zeitpunkt, an welchem Ort und in welchem Kontext sie diese Information offenlegen m\u00f6chte.<\/p>\n\n\n\n<div style=\"height:100px\" aria-hidden=\"true\" class=\"wp-block-spacer\"><\/div>\n","protected":false},"excerpt":{"rendered":"<p>Roller Derby hat den Anspruch als Sport ein Schutzraum f\u00fcr von Diskriminierung betroffenen Personen zu sein. Dazu z\u00e4hlt auch ganz klar, Menschen unabh\u00e4ngig von ihrer Geschlechtszugeh\u00f6rigkeit bei uns einen sicheren Raum zu bieten, in dem sie sich entfalten und ihre sportlichen Ziele erreichen k\u00f6nnen. Unsere Positionierung dazu ist auch in unserer RDD Sportordnung festgelegt. Der&hellip;&nbsp;<a href=\"https:\/\/rollerderbygermany.de\/?page_id=2172\" rel=\"bookmark\">Weiterlesen &raquo;<span class=\"screen-reader-text\">RDD Statement Geschlechtszugeh\u00f6rigkeit<\/span><\/a><\/p>\n","protected":false},"author":2,"featured_media":1427,"parent":0,"menu_order":0,"comment_status":"closed","ping_status":"closed","template":"","meta":{"neve_meta_sidebar":"","neve_meta_container":"","neve_meta_enable_content_width":"","neve_meta_content_width":0,"neve_meta_title_alignment":"","neve_meta_author_avatar":"","neve_post_elements_order":"","neve_meta_disable_header":"","neve_meta_disable_footer":"","neve_meta_disable_title":"","_themeisle_gutenberg_block_has_review":false,"footnotes":""},"class_list":["post-2172","page","type-page","status-publish","has-post-thumbnail","hentry"],"_links":{"self":[{"href":"https:\/\/rollerderbygermany.de\/index.php?rest_route=\/wp\/v2\/pages\/2172","targetHints":{"allow":["GET"]}}],"collection":[{"href":"https:\/\/rollerderbygermany.de\/index.php?rest_route=\/wp\/v2\/pages"}],"about":[{"href":"https:\/\/rollerderbygermany.de\/index.php?rest_route=\/wp\/v2\/types\/page"}],"author":[{"embeddable":true,"href":"https:\/\/rollerderbygermany.de\/index.php?rest_route=\/wp\/v2\/users\/2"}],"replies":[{"embeddable":true,"href":"https:\/\/rollerderbygermany.de\/index.php?rest_route=%2Fwp%2Fv2%2Fcomments&post=2172"}],"version-history":[{"count":2,"href":"https:\/\/rollerderbygermany.de\/index.php?rest_route=\/wp\/v2\/pages\/2172\/revisions"}],"predecessor-version":[{"id":2186,"href":"https:\/\/rollerderbygermany.de\/index.php?rest_route=\/wp\/v2\/pages\/2172\/revisions\/2186"}],"wp:featuredmedia":[{"embeddable":true,"href":"https:\/\/rollerderbygermany.de\/index.php?rest_route=\/wp\/v2\/media\/1427"}],"wp:attachment":[{"href":"https:\/\/rollerderbygermany.de\/index.php?rest_route=%2Fwp%2Fv2%2Fmedia&parent=2172"}],"curies":[{"name":"wp","href":"https:\/\/api.w.org\/{rel}","templated":true}]}}