{"id":2210,"date":"2026-01-29T17:53:37","date_gmt":"2026-01-29T17:53:37","guid":{"rendered":"https:\/\/rollerderbygermany.de\/?page_id=2210"},"modified":"2026-01-31T17:01:29","modified_gmt":"2026-01-31T17:01:29","slug":"aktivensprecherin","status":"publish","type":"page","link":"https:\/\/rollerderbygermany.de\/?page_id=2210","title":{"rendered":"Aktivensprecher*in"},"content":{"rendered":"\n<h2 class=\"wp-block-heading\"><strong>Aufgabe:<\/strong><\/h2>\n\n\n\n<p>Wir sind ein festes Mitglied im Vorstand und haben bei Abstimmungen eine Stimme. Au\u00dferdem nehmen wir regelm\u00e4\u00dfig an den Vorstandstreffen teil und vertreten alle Skater*innen des RDD. Wenn sich Personen nicht direkt an den Vorstand oder die anderen Ressorts wenden m\u00f6chten, k\u00f6nnt ihr euch auch erst einmal an uns wenden.<\/p>\n\n\n\n<p>Schreibt uns gerne eine <strong><a href=\"mailto:athletes@rollerderbygermany.de\" data-type=\"mailto\" data-id=\"mailto:athletes@rollerderbygermany.de\">Mail<\/a><\/strong> mit euren Anliegen \ud83d\ude42 Das Postfach wird von beiden Aktivensprecher*innen betreut.<\/p>\n\n\n\n<h3 class=\"wp-block-heading\">Wer kann es machen:<\/h3>\n\n\n\n<p>Gew\u00e4hlt wird durch die Teams Gs jeweils eine Vertretung.<\/p>\n\n\n\n<h3 class=\"wp-block-heading\"><\/h3>\n\n\n\n<div class=\"wp-block-buttons is-layout-flex wp-block-buttons-is-layout-flex\">\n<div class=\"wp-block-button\"><a class=\"wp-block-button__link wp-element-button\" href=\"https:\/\/rollerderbygermany.de\/?page_id=2240\">Aktivensprecher*in Vertretung<\/a><\/div>\n\n\n\n<div class=\"wp-block-button\"><a class=\"wp-block-button__link wp-element-button\" href=\"https:\/\/rollerderbygermany.de\/?page_id=23\">Team G FLINTA* \/ Team MANY<\/a><\/div>\n\n\n\n<div class=\"wp-block-button\"><a class=\"wp-block-button__link wp-element-button\" href=\"https:\/\/rollerderbygermany.de\/?page_id=25\">Team G Allgender<\/a><\/div>\n<\/div>\n\n\n\n<p><\/p>\n\n\n\n<p>Foto: Michael Schrieber<\/p>\n\n\n\n<p><\/p>\n","protected":false},"excerpt":{"rendered":"<p>Aufgabe: Wir sind ein festes Mitglied im Vorstand und haben bei Abstimmungen eine Stimme. Au\u00dferdem nehmen wir regelm\u00e4\u00dfig an den Vorstandstreffen teil und vertreten alle Skater*innen des RDD. Wenn sich Personen nicht direkt an den Vorstand oder die anderen Ressorts wenden m\u00f6chten, k\u00f6nnt ihr euch auch erst einmal an uns wenden. Schreibt uns gerne eine&hellip;&nbsp;<a href=\"https:\/\/rollerderbygermany.de\/?page_id=2210\" rel=\"bookmark\">Weiterlesen &raquo;<span class=\"screen-reader-text\">Aktivensprecher*in<\/span><\/a><\/p>\n","protected":false},"author":2,"featured_media":2299,"parent":0,"menu_order":0,"comment_status":"closed","ping_status":"closed","template":"","meta":{"neve_meta_sidebar":"","neve_meta_container":"","neve_meta_enable_content_width":"","neve_meta_content_width":0,"neve_meta_title_alignment":"","neve_meta_author_avatar":"","neve_post_elements_order":"","neve_meta_disable_header":"","neve_meta_disable_footer":"","neve_meta_disable_title":"","_themeisle_gutenberg_block_has_review":false,"footnotes":""},"class_list":["post-2210","page","type-page","status-publish","has-post-thumbnail","hentry"],"_links":{"self":[{"href":"https:\/\/rollerderbygermany.de\/index.php?rest_route=\/wp\/v2\/pages\/2210","targetHints":{"allow":["GET"]}}],"collection":[{"href":"https:\/\/rollerderbygermany.de\/index.php?rest_route=\/wp\/v2\/pages"}],"about":[{"href":"https:\/\/rollerderbygermany.de\/index.php?rest_route=\/wp\/v2\/types\/page"}],"author":[{"embeddable":true,"href":"https:\/\/rollerderbygermany.de\/index.php?rest_route=\/wp\/v2\/users\/2"}],"replies":[{"embeddable":true,"href":"https:\/\/rollerderbygermany.de\/index.php?rest_route=%2Fwp%2Fv2%2Fcomments&post=2210"}],"version-history":[{"count":20,"href":"https:\/\/rollerderbygermany.de\/index.php?rest_route=\/wp\/v2\/pages\/2210\/revisions"}],"predecessor-version":[{"id":2328,"href":"https:\/\/rollerderbygermany.de\/index.php?rest_route=\/wp\/v2\/pages\/2210\/revisions\/2328"}],"wp:featuredmedia":[{"embeddable":true,"href":"https:\/\/rollerderbygermany.de\/index.php?rest_route=\/wp\/v2\/media\/2299"}],"wp:attachment":[{"href":"https:\/\/rollerderbygermany.de\/index.php?rest_route=%2Fwp%2Fv2%2Fmedia&parent=2210"}],"curies":[{"name":"wp","href":"https:\/\/api.w.org\/{rel}","templated":true}]}}