{"id":2366,"date":"2026-02-16T17:31:21","date_gmt":"2026-02-16T17:31:21","guid":{"rendered":"https:\/\/rollerderbygermany.de\/?page_id=2366"},"modified":"2026-02-16T18:43:43","modified_gmt":"2026-02-16T18:43:43","slug":"leitfaeden-empfehlungen","status":"publish","type":"page","link":"https:\/\/rollerderbygermany.de\/?page_id=2366","title":{"rendered":"Leitf\u00e4den &amp; Empfehlungen"},"content":{"rendered":"\n<p>Eine \u00dcbersicht \u00fcber die Leitf\u00e4den und Empfehlungen des RDDs und der dazugeh\u00f6rigen Ressorts.<\/p>\n\n\n\n<p><a href=\"https:\/\/rollerderbygermany.de\/?page_id=2374\" data-type=\"page\" data-id=\"2374\">Leitbild &amp; Handlungsempfehlungen f\u00fcr Roller Derby Leagues in Deutschland<\/a><\/p>\n\n\n\n<p><a href=\"https:\/\/rollerderbygermany.de\/?page_id=2383\" data-type=\"page\" data-id=\"2383\">Leitfaden f\u00fcr Leagues: GTO<\/a><\/p>\n\n\n\n<p><a href=\"https:\/\/rollerderbygermany.de\/?page_id=2350\" data-type=\"page\" data-id=\"2350\">Leitfaden f\u00fcr Leagues: Mixed-Level Scrimmages<\/a><\/p>\n\n\n\n<p><\/p>\n","protected":false},"excerpt":{"rendered":"<p>Eine \u00dcbersicht \u00fcber die Leitf\u00e4den und Empfehlungen des RDDs und der dazugeh\u00f6rigen Ressorts. Leitbild &amp; Handlungsempfehlungen f\u00fcr Roller Derby Leagues in Deutschland Leitfaden f\u00fcr Leagues: GTO Leitfaden f\u00fcr Leagues: Mixed-Level Scrimmages<\/p>\n","protected":false},"author":2,"featured_media":1559,"parent":0,"menu_order":0,"comment_status":"closed","ping_status":"closed","template":"","meta":{"neve_meta_sidebar":"","neve_meta_container":"","neve_meta_enable_content_width":"","neve_meta_content_width":0,"neve_meta_title_alignment":"","neve_meta_author_avatar":"","neve_post_elements_order":"","neve_meta_disable_header":"","neve_meta_disable_footer":"","neve_meta_disable_title":"","_themeisle_gutenberg_block_has_review":false,"footnotes":""},"class_list":["post-2366","page","type-page","status-publish","has-post-thumbnail","hentry"],"_links":{"self":[{"href":"https:\/\/rollerderbygermany.de\/index.php?rest_route=\/wp\/v2\/pages\/2366","targetHints":{"allow":["GET"]}}],"collection":[{"href":"https:\/\/rollerderbygermany.de\/index.php?rest_route=\/wp\/v2\/pages"}],"about":[{"href":"https:\/\/rollerderbygermany.de\/index.php?rest_route=\/wp\/v2\/types\/page"}],"author":[{"embeddable":true,"href":"https:\/\/rollerderbygermany.de\/index.php?rest_route=\/wp\/v2\/users\/2"}],"replies":[{"embeddable":true,"href":"https:\/\/rollerderbygermany.de\/index.php?rest_route=%2Fwp%2Fv2%2Fcomments&post=2366"}],"version-history":[{"count":5,"href":"https:\/\/rollerderbygermany.de\/index.php?rest_route=\/wp\/v2\/pages\/2366\/revisions"}],"predecessor-version":[{"id":2390,"href":"https:\/\/rollerderbygermany.de\/index.php?rest_route=\/wp\/v2\/pages\/2366\/revisions\/2390"}],"wp:featuredmedia":[{"embeddable":true,"href":"https:\/\/rollerderbygermany.de\/index.php?rest_route=\/wp\/v2\/media\/1559"}],"wp:attachment":[{"href":"https:\/\/rollerderbygermany.de\/index.php?rest_route=%2Fwp%2Fv2%2Fmedia&parent=2366"}],"curies":[{"name":"wp","href":"https:\/\/api.w.org\/{rel}","templated":true}]}}