{"id":2383,"date":"2026-02-16T18:41:15","date_gmt":"2026-02-16T18:41:15","guid":{"rendered":"https:\/\/rollerderbygermany.de\/?page_id=2383"},"modified":"2026-02-16T18:41:30","modified_gmt":"2026-02-16T18:41:30","slug":"leitfaden-fuer-leagues-games-tournament-oversight-gto","status":"publish","type":"page","link":"https:\/\/rollerderbygermany.de\/?page_id=2383","title":{"rendered":"Leitfaden f\u00fcr Leagues: Games Tournament Oversight (GTO)"},"content":{"rendered":"\n<p><br>Informationen zusammengetragen vom Ressort Spielbetrieb (bundesliga@rollerderbygermany.de) der Sportkommission Roller Derby im Deutschen Rollsport und Inline-Verband (DRIV).<\/p>\n\n\n\n<div class=\"wp-block-buttons is-layout-flex wp-block-buttons-is-layout-flex\">\n<div class=\"wp-block-button\"><a class=\"wp-block-button__link wp-element-button\" href=\"https:\/\/rollerderbygermany.de\/wp-content\/uploads\/2024\/04\/Leitfaden-GTO-Leagues-RDD.pdf\">Download: Leitfaden GTO (DE)<\/a><\/div>\n\n\n\n<div class=\"wp-block-button\"><a class=\"wp-block-button__link wp-element-button\" href=\"https:\/\/rollerderbygermany.de\/wp-content\/uploads\/2024\/04\/Guide-GTO-Leagues-RDD.pdf\">Download: Guide GTO (EN)<\/a><\/div>\n<\/div>\n\n\n\n<div style=\"height:25px\" aria-hidden=\"true\" class=\"wp-block-spacer\"><\/div>\n\n\n\n<figure class=\"wp-block-image size-full\"><img loading=\"lazy\" decoding=\"async\" width=\"333\" height=\"7\" src=\"https:\/\/rollerderbygermany.de\/wp-content\/uploads\/2026\/02\/image.png\" alt=\"\" class=\"wp-image-2353\" srcset=\"https:\/\/rollerderbygermany.de\/wp-content\/uploads\/2026\/02\/image.png 333w, https:\/\/rollerderbygermany.de\/wp-content\/uploads\/2026\/02\/image-300x6.png 300w\" sizes=\"auto, (max-width: 333px) 100vw, 333px\" \/><\/figure>\n\n\n\n<div style=\"height:25px\" aria-hidden=\"true\" class=\"wp-block-spacer\"><\/div>\n\n\n\n<h2 class=\"wp-block-heading\">Wann wird ein*e GTO ben\u00f6tigt? <\/h2>\n\n\n\n<p>Ein*e GTO ist im RDD f\u00fcr alle Spiele der Bundesliga und der Fundesliga sowie bei allen WFTDA-sanctioned Multi-Game-Events und Turnieren (ab 3 Spielen) erforderlich. Die Suche und Vergabe der Position liegt in den H\u00e4nden der ausrichtenden Heim-League. Wichtig: GTOs geh\u00f6ren nicht zur Gruppe der Officials und sollten daher nicht \u00fcber das gleiche Formular wie die NSOs und SOs angeworben werden.<\/p>\n\n\n\n<figure class=\"wp-block-image size-full\"><img loading=\"lazy\" decoding=\"async\" width=\"333\" height=\"7\" src=\"https:\/\/rollerderbygermany.de\/wp-content\/uploads\/2026\/02\/image-1.png\" alt=\"\" class=\"wp-image-2354\" srcset=\"https:\/\/rollerderbygermany.de\/wp-content\/uploads\/2026\/02\/image-1.png 333w, https:\/\/rollerderbygermany.de\/wp-content\/uploads\/2026\/02\/image-1-300x6.png 300w\" sizes=\"auto, (max-width: 333px) 100vw, 333px\" \/><\/figure>\n\n\n\n<div style=\"height:25px\" aria-hidden=\"true\" class=\"wp-block-spacer\"><\/div>\n\n\n\n<h2 class=\"wp-block-heading\">Was ist ein*e GTO?<\/h2>\n\n\n\n<p>Ein*e Games Tournament Oversight Officer (GTO) ist f\u00fcr die Sicherstellung fairen und gut organisierten Wettbewerbs zust\u00e4ndig. Die*r GTO beaufsichtigt die Wettbewerbs- und Spielrichtlinien und arbeitet als Berater*in f\u00fcr alle Veranstaltungsfragen.<\/p>\n\n\n\n<p>Gute vorbereitete GTOs sorgen daf\u00fcr, dass Veranstaltungen so reibungslos wie m\u00f6glich verlaufen. Sie helfen bei der L\u00f6sung von Problemen und stehen direkt mit den Verantwortlichen aus den Leagues in Verbindung.<\/p>\n\n\n\n<p>Die*r GTO repr\u00e4sentiert das gastgebende Team und den RDD f\u00fcr die Dauer der Veranstaltung und tritt w\u00e4hrend der Veranstaltung professionell auf. <\/p>\n\n\n\n<figure class=\"wp-block-image size-full\"><img loading=\"lazy\" decoding=\"async\" width=\"333\" height=\"7\" src=\"https:\/\/rollerderbygermany.de\/wp-content\/uploads\/2026\/02\/image-2.png\" alt=\"\" class=\"wp-image-2356\" srcset=\"https:\/\/rollerderbygermany.de\/wp-content\/uploads\/2026\/02\/image-2.png 333w, https:\/\/rollerderbygermany.de\/wp-content\/uploads\/2026\/02\/image-2-300x6.png 300w\" sizes=\"auto, (max-width: 333px) 100vw, 333px\" \/><\/figure>\n\n\n\n<div style=\"height:25px\" aria-hidden=\"true\" class=\"wp-block-spacer\"><\/div>\n\n\n\n<h2 class=\"wp-block-heading\">Wer eignet sich als GTO? <\/h2>\n\n\n\n<p>Um eine bestm\u00f6gliche Objektivit\u00e4t wahren zu k\u00f6nnen, sollten GTOs \u2013 wenn m\u00f6glich &#8211; mindestens nicht der Heim-League, im Idealfall keiner der an den Spielen teilnehmenden Leagues angeh\u00f6ren. Ein*e gute*r GTO ist eine Person aus dem Roller Derby mit:<\/p>\n\n\n\n<ul class=\"wp-block-list\">\n<li>Spielerfahrung, unabh\u00e4ngig in welcher Rolle<\/li>\n\n\n\n<li>Vertrautheit mit Track- und Sicherheitsprotokollen<\/li>\n\n\n\n<li>Kenntnisse der Officiating-Standards und der Regeln des Flat Track<br>Roller Derby<\/li>\n\n\n\n<li>Erfahrung mit Sanctioning und Ergebnismeldung<\/li>\n\n\n\n<li>Detailorientierten Probleml\u00f6sungs- und<br>Entscheidungsfindungsf\u00e4higkeiten<\/li>\n\n\n\n<li>dem K\u00f6nnen, unter Druck gut zu arbeiten und bei Konflikten ruhig zu<br>bleiben<\/li>\n\n\n\n<li>Professionalit\u00e4t<\/li>\n\n\n\n<li>Guter schriftlicher und m\u00fcndlicher Kommunikation<\/li>\n<\/ul>\n\n\n\n<figure class=\"wp-block-image size-full\"><img loading=\"lazy\" decoding=\"async\" width=\"333\" height=\"7\" src=\"https:\/\/rollerderbygermany.de\/wp-content\/uploads\/2026\/02\/image.png\" alt=\"\" class=\"wp-image-2353\" srcset=\"https:\/\/rollerderbygermany.de\/wp-content\/uploads\/2026\/02\/image.png 333w, https:\/\/rollerderbygermany.de\/wp-content\/uploads\/2026\/02\/image-300x6.png 300w\" sizes=\"auto, (max-width: 333px) 100vw, 333px\" \/><\/figure>\n\n\n\n<div style=\"height:25px\" aria-hidden=\"true\" class=\"wp-block-spacer\"><\/div>\n\n\n\n<h2 class=\"wp-block-heading\">Die Aufgaben und Verantwortlichkeiten<\/h2>\n\n\n\n<p>Da Veranstaltungen und deren Anforderungen unterschiedlich sind, sollten die Organisator*<em>innen aus den Leagues, die Head Officials und die<\/em>*der<br>GTO zusammenarbeiten, um eine Aufgabenverteilung zu finden, die den Bed\u00fcrfnissen des jeweiligen Events am besten gerecht wird. Bereits im Vorfeld sollte allen Beteiligten klar sein, wer welche Verantwortlichkeiten (beispielsweise die Ergebnismeldung) \u00fcbernimmt, damit es nicht zu Missverst\u00e4ndnissen und doppelter Arbeit kommt.<\/p>\n\n\n\n<h3 class=\"wp-block-heading\">Aufgaben, die von der*m GTO \u00fcbernommen werden k\u00f6nnen:<\/h3>\n\n\n\n<ul class=\"wp-block-list\">\n<li>Beaufsichtigung der Richtlinien<\/li>\n\n\n\n<li>Verwaltung der Charter und Sicherstellung der ordnungsgem\u00e4\u00dfen<\/li>\n\n\n\n<li>Erstellung des Paperworks in enger Zusammenarbeit mit den NSO<\/li>\n\n\n\n<li>\u00dcberpr\u00fcfung der Einhaltung des Risk Managements<\/li>\n\n\n\n<li>Sammlung und Verteilung der Roster am Spieltag<\/li>\n\n\n\n<li>Ergebnismeldung<\/li>\n\n\n\n<li>Einreichen der endg\u00fcltigen IGRF- und Expulsionformulare<\/li>\n\n\n\n<li>L\u00f6sung von Problemen von\/zwischen Teams, Officials und\/oder<\/li>\n\n\n\n<li>Gastgebenden der Veranstaltung<\/li>\n\n\n\n<li>Unterst\u00fctzung bei Beschwerden und Bereitstellung von<\/li>\n\n\n\n<li>Informationen f\u00fcr Leagues, die Beschwerden einreichen<\/li>\n<\/ul>\n\n\n\n<figure class=\"wp-block-image size-full\"><img loading=\"lazy\" decoding=\"async\" width=\"333\" height=\"7\" src=\"https:\/\/rollerderbygermany.de\/wp-content\/uploads\/2026\/02\/image-1.png\" alt=\"\" class=\"wp-image-2354\" srcset=\"https:\/\/rollerderbygermany.de\/wp-content\/uploads\/2026\/02\/image-1.png 333w, https:\/\/rollerderbygermany.de\/wp-content\/uploads\/2026\/02\/image-1-300x6.png 300w\" sizes=\"auto, (max-width: 333px) 100vw, 333px\" \/><\/figure>\n\n\n\n<div style=\"height:25px\" aria-hidden=\"true\" class=\"wp-block-spacer\"><\/div>\n\n\n\n<h2 class=\"wp-block-heading\">Checkliste GTO<\/h2>\n\n\n\n<h3 class=\"wp-block-heading\">Vor dem Spieltag<\/h3>\n\n\n\n<figure class=\"wp-block-table is-style-stripes\"><table class=\"has-fixed-layout\"><thead><tr><th>Was?<\/th><th>Wer?<\/th><\/tr><\/thead><tbody><tr><td>Paperwork vorbereiten<\/td><td>HNSO oder GTO<\/td><\/tr><tr><td>Aufgaben verteilen<\/td><td>Alle<\/td><\/tr><tr><td>Zeitplan checken<\/td><td>GTO + Head-Officials<\/td><\/tr><tr><td>Zust\u00e4ndigkeit Concussion<br>Checks identifizieren<\/td><td>GTO<\/td><\/tr><\/tbody><\/table><\/figure>\n\n\n\n<h3 class=\"wp-block-heading\">Vor dem Spiel in der Halle<\/h3>\n\n\n\n<figure class=\"wp-block-table is-style-stripes\"><table class=\"has-fixed-layout\"><thead><tr><th>Was?<\/th><th>Wer?<\/th><\/tr><\/thead><tbody><tr><td>Roster checken<\/td><td>GTO oder Lineup Tracker oder HNSO<\/td><\/tr><tr><td>Safety Standards checken<\/td><td>GTO + HR<\/td><\/tr><tr><td>Sanit\u00e4ter*innen briefen<\/td><td>HR oder Heimteam oder GTO<\/td><\/tr><tr><td>Teilnahme am Captains Meeting<\/td><td>Meeting GTO + Head-Officials<\/td><\/tr><\/tbody><\/table><\/figure>\n\n\n\n<h3 class=\"wp-block-heading\">W\u00e4hrend dem Spiel<\/h3>\n\n\n\n<figure class=\"wp-block-table is-style-stripes\"><table class=\"has-fixed-layout\"><thead><tr><th>Was?<\/th><th>Wer?<\/th><\/tr><\/thead><tbody><tr><td>Sanis beobachten<\/td><td>JT + Officials<\/td><\/tr><tr><td>Spiel beobachten<\/td><td>Alle<\/td><\/tr><\/tbody><\/table><\/figure>\n\n\n\n<h3 class=\"wp-block-heading\">Nach dem Spiel<\/h3>\n\n\n\n<figure class=\"wp-block-table is-style-stripes\"><table class=\"has-fixed-layout\"><thead><tr><th>Was?<\/th><th>Wer?<\/th><\/tr><\/thead><tbody><tr><td>Ergebnis melden<\/td><td>GTO oder HNSO oder Heimteam<\/td><\/tr><tr><td>IGRF \u00fcbermitteln<\/td><td>GTO oder HNSO oder Heimteam<\/td><\/tr><tr><td>Stats \u00fcbermitteln<\/td><td>HNSO oder GTO oder Heimteam<\/td><\/tr><tr><td>besondere Vorkommnisse melden<\/td><td>GTO<\/td><\/tr><tr><td>ggf. Expulsion Form ausf\u00fcllen<\/td><td>GTO<\/td><\/tr><\/tbody><\/table><\/figure>\n\n\n\n<h3 class=\"wp-block-heading\">Allgemein<\/h3>\n\n\n\n<figure class=\"wp-block-table is-style-stripes\"><table class=\"has-fixed-layout\"><thead><tr><th>Was?<\/th><th>Wer?<\/th><\/tr><\/thead><tbody><tr><td>In Konflikten vermitteln<\/td><td>GTO, Awareness Team<\/td><\/tr><tr><td>Ansprechbar sein<\/td><td>GTO<\/td><\/tr><\/tbody><\/table><\/figure>\n","protected":false},"excerpt":{"rendered":"<p>Informationen zusammengetragen vom Ressort Spielbetrieb (bundesliga@rollerderbygermany.de) der Sportkommission Roller Derby im Deutschen Rollsport und Inline-Verband (DRIV). Wann wird ein*e GTO ben\u00f6tigt? Ein*e GTO ist im RDD f\u00fcr alle Spiele der Bundesliga und der Fundesliga sowie bei allen WFTDA-sanctioned Multi-Game-Events und Turnieren (ab 3 Spielen) erforderlich. Die Suche und Vergabe der Position liegt in den H\u00e4nden&hellip;&nbsp;<a href=\"https:\/\/rollerderbygermany.de\/?page_id=2383\" rel=\"bookmark\">Weiterlesen &raquo;<span class=\"screen-reader-text\">Leitfaden f\u00fcr Leagues: Games Tournament Oversight (GTO)<\/span><\/a><\/p>\n","protected":false},"author":2,"featured_media":1427,"parent":2366,"menu_order":0,"comment_status":"closed","ping_status":"closed","template":"","meta":{"neve_meta_sidebar":"","neve_meta_container":"","neve_meta_enable_content_width":"","neve_meta_content_width":0,"neve_meta_title_alignment":"","neve_meta_author_avatar":"","neve_post_elements_order":"","neve_meta_disable_header":"","neve_meta_disable_footer":"","neve_meta_disable_title":"","_themeisle_gutenberg_block_has_review":false,"footnotes":""},"class_list":["post-2383","page","type-page","status-publish","has-post-thumbnail","hentry"],"_links":{"self":[{"href":"https:\/\/rollerderbygermany.de\/index.php?rest_route=\/wp\/v2\/pages\/2383","targetHints":{"allow":["GET"]}}],"collection":[{"href":"https:\/\/rollerderbygermany.de\/index.php?rest_route=\/wp\/v2\/pages"}],"about":[{"href":"https:\/\/rollerderbygermany.de\/index.php?rest_route=\/wp\/v2\/types\/page"}],"author":[{"embeddable":true,"href":"https:\/\/rollerderbygermany.de\/index.php?rest_route=\/wp\/v2\/users\/2"}],"replies":[{"embeddable":true,"href":"https:\/\/rollerderbygermany.de\/index.php?rest_route=%2Fwp%2Fv2%2Fcomments&post=2383"}],"version-history":[{"count":6,"href":"https:\/\/rollerderbygermany.de\/index.php?rest_route=\/wp\/v2\/pages\/2383\/revisions"}],"predecessor-version":[{"id":2389,"href":"https:\/\/rollerderbygermany.de\/index.php?rest_route=\/wp\/v2\/pages\/2383\/revisions\/2389"}],"up":[{"embeddable":true,"href":"https:\/\/rollerderbygermany.de\/index.php?rest_route=\/wp\/v2\/pages\/2366"}],"wp:featuredmedia":[{"embeddable":true,"href":"https:\/\/rollerderbygermany.de\/index.php?rest_route=\/wp\/v2\/media\/1427"}],"wp:attachment":[{"href":"https:\/\/rollerderbygermany.de\/index.php?rest_route=%2Fwp%2Fv2%2Fmedia&parent=2383"}],"curies":[{"name":"wp","href":"https:\/\/api.w.org\/{rel}","templated":true}]}}