{"id":25,"date":"2019-11-23T11:32:33","date_gmt":"2019-11-23T11:32:33","guid":{"rendered":"http:\/\/rddeutschland.de\/?page_id=25"},"modified":"2026-01-31T19:38:38","modified_gmt":"2026-01-31T19:38:38","slug":"maenner","status":"publish","type":"page","link":"https:\/\/rollerderbygermany.de\/?page_id=25","title":{"rendered":"Team G Allgender"},"content":{"rendered":"\n<div style=\"height:50px\" aria-hidden=\"true\" class=\"wp-block-spacer\"><\/div>\n\n\n\n<h2 id=\"wp-block-themeisle-blocks-advanced-heading-de4be906\" class=\"wp-block-themeisle-blocks-advanced-heading wp-block-themeisle-blocks-advanced-heading-de4be906\">Roller Derby-Weltmeisterschaft 2026<\/h2>\n\n\n\n<p>Der Men\u00b4s Roller Derby World Cup findet vom 30.04 &#8211; 03.05 in Orl\u00e9ans, Frankreich statt. Wir freuen uns, euch hier das Organsisations- und Coaching-Team sowie die Skater*innen des aktuellen Trainingskaders vorzustellen.<\/p>\n\n\n\n<p>Dennis (Cologne Roller Derby\/Roller Derby Erfurt) in Zusammenarbeit mit Kitsune (Riot Rollers Darmstadt) \u00fcbernehmen f\u00fcr die WM 2025 die Leitung Management Team G allgender.<\/p>\n\n\n\n<p>Jam (Roller Derby Erfurt) ist als Head Coach t\u00e4tig und wird von Sheik als Coach (Roller Derby Karlsruhe) unterst\u00fctzt.<\/p>\n\n\n\n<p>Eure Tickets erhaltet ihr <strong><a href=\"https:\/\/worldcup.mrda.org\/en-US\/tickets\" target=\"_blank\" rel=\"noopener\">hier<\/a><\/strong> . <\/p>\n\n\n\n<div id=\"wp-block-themeisle-blocks-accordion-87ec6bc7\" class=\"wp-block-themeisle-blocks-accordion exclusive\">\n<details class=\"wp-block-themeisle-blocks-accordion-item\"><summary class=\"wp-block-themeisle-blocks-accordion-item__title\"><div><strong>Trainingskader Team G allgender 2025\/26<\/strong><\/div><\/summary><div class=\"wp-block-themeisle-blocks-accordion-item__content\">\n<p>Andy Bar (Roller Derby Erfurt)<br>April O&#8217;Wheel (Roller Derby Erfurt)<br>Artemis (Stuttgart Valley Roller Derby)<br>Atom Bump (Roller Derby Hannover)<br>Bearicade (Roller Derby Oberhausen)<br>Bella Blocked (Augsburg Rolling Thunder)<br>Bella Donner (Rolling Raptors Leipzig)<br>Bets Spencer (Stuttgart Valley Roller Derby)<br>Bocki Bal Boa (Madstop Roller Derby Potsdam)<br>Cosmo (Roller Derby Erfurt\/ Cologne Roller Derby)<br>Hans Moscht (Augsburg Rolling Thunder)<br>Hell Ghakickuazz (Texas Rollergirls)<br>Herr Mess (Roller Derby Karlsruhe)<br>holy \u00f8rgan (Riot Rockets Leipzig)<br>Hulkie Frankenstein (RuhrPott Roller Derby)<br>Josefiese (Augsburg Rolling Thunder)<br>Kante (St. Pauli Roller Derby)<br>Killin&#8216; Siren (Bembel Town Roller Derby)<br>Knacker (Munich Rolling Rebels)<br>koko (Roller Derby Erfurt)<br>KRUMBOLAGE (Madstop Roller Derby Potsdam)<br>De Lux (Stuttgart Valley Roller Derby)<br>Million (Roller Derby Erfurt)<br>Miriam P\u00f6beln (Augsburg Rolling Thunder)<br>Optimus Grime (Denver Ground Control)<br>Princess TroubleGum (Bembel Town Roller Derby)<br>Pyro (Stuttgart Valley Roller Derby)<br>RandaleX (Stuttgart Valley Roller Derby)<br>Ruff Rackelhahn (Dublin Roller Derby)<br>Shred&#8217;em Ripley (RuhrPott Roller Derby)<\/p>\n<\/div><\/details>\n<\/div>\n\n\n\n<div style=\"height:50px\" aria-hidden=\"true\" class=\"wp-block-spacer\"><\/div>\n\n\n\n<h2 class=\"wp-block-heading\">Roller Derby-Weltmeisterschaft 2020<\/h2>\n\n\n\n<p>Damals noch als &#8222;Men&#8217;s Team Germany&#8220; wurde die Nationalteam All Gender* zun\u00e4chst als private Initiative 2014 im Rahmen des ersten Men&#8217;s Roller Derby World Cup gegr\u00fcndet und ein Jahr sp\u00e4ter offiziell unter das Dach des RDD gestellt. Durch die Absage des <a href=\"http:\/\/mrdwc.com\/\" target=\"_blank\" rel=\"noreferrer noopener\">World Cup<\/a> in St. Louis im Juli 2020 kam der letzte Kader leider nicht zum Zuge.<\/p>\n\n\n\n<div id=\"wp-block-themeisle-blocks-accordion-36a38b81\" class=\"wp-block-themeisle-blocks-accordion exclusive\">\n<details class=\"wp-block-themeisle-blocks-accordion-item\"><summary class=\"wp-block-themeisle-blocks-accordion-item__title\"><div>Das Team f\u00fcr St. Louis 2020<\/div><\/summary><div class=\"wp-block-themeisle-blocks-accordion-item__content\">\n<figure class=\"wp-block-image size-large\"><img loading=\"lazy\" decoding=\"async\" width=\"1024\" height=\"502\" src=\"https:\/\/rollerderbygermany.de\/entwicklung\/wp-content\/uploads\/2020\/02\/87483706_2858553520894688_7347600617138814976_o-1024x502.jpg\" alt=\"\" class=\"wp-image-786\" srcset=\"https:\/\/rollerderbygermany.de\/wp-content\/uploads\/2020\/02\/87483706_2858553520894688_7347600617138814976_o-1024x502.jpg 1024w, https:\/\/rollerderbygermany.de\/wp-content\/uploads\/2020\/02\/87483706_2858553520894688_7347600617138814976_o-300x147.jpg 300w, https:\/\/rollerderbygermany.de\/wp-content\/uploads\/2020\/02\/87483706_2858553520894688_7347600617138814976_o-768x376.jpg 768w, https:\/\/rollerderbygermany.de\/wp-content\/uploads\/2020\/02\/87483706_2858553520894688_7347600617138814976_o-1536x752.jpg 1536w, https:\/\/rollerderbygermany.de\/wp-content\/uploads\/2020\/02\/87483706_2858553520894688_7347600617138814976_o.jpg 1960w\" sizes=\"auto, (max-width: 1024px) 100vw, 1024px\" \/><\/figure>\n<\/div><\/details>\n\n\n\n<details class=\"wp-block-themeisle-blocks-accordion-item\"><summary class=\"wp-block-themeisle-blocks-accordion-item__title\"><div>Video<\/div><\/summary><div class=\"wp-block-themeisle-blocks-accordion-item__content\">\n<p>Impressionen vom Men&#8217;s Roller Derby World Cup 2018 in Barcelona findet ihr bei <a href=\"https:\/\/solidsport.com\/mrdwc\/watch\/mrdwc-2018-barcelona-t2d4-g58-ned-vs-ger?select_company=mrdwc\" target=\"_blank\" rel=\"noreferrer noopener\">Solidsport<\/a>.<\/p>\n<\/div><\/details>\n<\/div>\n\n\n\n<div style=\"height:50px\" aria-hidden=\"true\" class=\"wp-block-spacer\"><\/div>\n\n\n\n<p>Foto: Johannes Kestel<\/p>\n","protected":false},"excerpt":{"rendered":"<p>Der Men\u00b4s Roller Derby World Cup findet vom 30.04 &#8211; 03.05 in Orl\u00e9ans, Frankreich statt. Wir freuen uns, euch hier das Organsisations- und Coaching-Team sowie die Skater*innen des aktuellen Trainingskaders vorzustellen. Dennis (Cologne Roller Derby\/Roller Derby Erfurt) in Zusammenarbeit mit Kitsune (Riot Rollers Darmstadt) \u00fcbernehmen f\u00fcr die WM 2025 die Leitung Management Team G allgender.&hellip;&nbsp;<a href=\"https:\/\/rollerderbygermany.de\/?page_id=25\" rel=\"bookmark\">Weiterlesen &raquo;<span class=\"screen-reader-text\">Team G Allgender<\/span><\/a><\/p>\n","protected":false},"author":2,"featured_media":1371,"parent":21,"menu_order":0,"comment_status":"closed","ping_status":"closed","template":"","meta":{"neve_meta_sidebar":"","neve_meta_container":"","neve_meta_enable_content_width":"","neve_meta_content_width":0,"neve_meta_title_alignment":"","neve_meta_author_avatar":"","neve_post_elements_order":"","neve_meta_disable_header":"","neve_meta_disable_footer":"","neve_meta_disable_title":"","_themeisle_gutenberg_block_has_review":false,"footnotes":""},"class_list":["post-25","page","type-page","status-publish","has-post-thumbnail","hentry"],"_links":{"self":[{"href":"https:\/\/rollerderbygermany.de\/index.php?rest_route=\/wp\/v2\/pages\/25","targetHints":{"allow":["GET"]}}],"collection":[{"href":"https:\/\/rollerderbygermany.de\/index.php?rest_route=\/wp\/v2\/pages"}],"about":[{"href":"https:\/\/rollerderbygermany.de\/index.php?rest_route=\/wp\/v2\/types\/page"}],"author":[{"embeddable":true,"href":"https:\/\/rollerderbygermany.de\/index.php?rest_route=\/wp\/v2\/users\/2"}],"replies":[{"embeddable":true,"href":"https:\/\/rollerderbygermany.de\/index.php?rest_route=%2Fwp%2Fv2%2Fcomments&post=25"}],"version-history":[{"count":23,"href":"https:\/\/rollerderbygermany.de\/index.php?rest_route=\/wp\/v2\/pages\/25\/revisions"}],"predecessor-version":[{"id":2335,"href":"https:\/\/rollerderbygermany.de\/index.php?rest_route=\/wp\/v2\/pages\/25\/revisions\/2335"}],"up":[{"embeddable":true,"href":"https:\/\/rollerderbygermany.de\/index.php?rest_route=\/wp\/v2\/pages\/21"}],"wp:featuredmedia":[{"embeddable":true,"href":"https:\/\/rollerderbygermany.de\/index.php?rest_route=\/wp\/v2\/media\/1371"}],"wp:attachment":[{"href":"https:\/\/rollerderbygermany.de\/index.php?rest_route=%2Fwp%2Fv2%2Fmedia&parent=25"}],"curies":[{"name":"wp","href":"https:\/\/api.w.org\/{rel}","templated":true}]}}