{"id":28,"date":"2019-11-23T11:31:19","date_gmt":"2019-11-23T11:31:19","guid":{"rendered":"http:\/\/rddeutschland.de\/?page_id=28"},"modified":"2026-01-05T16:45:25","modified_gmt":"2026-01-05T16:45:25","slug":"bundesliga","status":"publish","type":"page","link":"https:\/\/rollerderbygermany.de\/?page_id=28","title":{"rendered":"Bundesliga"},"content":{"rendered":"\n<p>Die Bundesliga 2026 findet wieder in 3 Ligen statt, wobei in der 1. sowie 2. Bundesliga jeweils sieben Teams und in der 3. Bundesliga drei Teams antreten. Eine \u00dcbersicht ist auf dieser Seite zu finden. Unter &#8222;<a href=\"https:\/\/podio.com\/webforms\/21840011\/1524928\" target=\"_blank\" rel=\"noopener\">Ergebnisse melden<\/a>&#8220; k\u00f6nnen die Spiel-Endst\u00e4nde \u00fcbermittelt werden.<\/p>\n\n\n\n<h2 class=\"wp-block-heading has-text-align-center\">Aktuelle Tabelle und Spiele in allen Staffeln:<\/h2>\n\n\n\n<iframe src=\"\/buli\/buli.html\" title=\"Bundesligatabelle\" width=\"100%\" id=\"iframe\"><\/iframe>\n<script>\n  var frame = document.getElementById(\"iframe\");\n  function resize()\n  {\n    frame.style.height =  (frame.contentWindow.document.body.scrollHeight+30) + 'px';\n  };\n  frame.onload = resize;\n  window.document.addEventListener('resizeEvent', resize);\n<\/script>\n\n\n\n<div style=\"height:60px\" aria-hidden=\"true\" class=\"wp-block-spacer\"><\/div>\n\n\n\n<p>Foto: Roller Lens<\/p>\n","protected":false},"excerpt":{"rendered":"<p>Die Bundesliga 2026 findet wieder in 3 Ligen statt, wobei in der 1. sowie 2. Bundesliga jeweils sieben Teams und in der 3. Bundesliga drei Teams antreten. Eine \u00dcbersicht ist auf dieser Seite zu finden. Unter &#8222;Ergebnisse melden&#8220; k\u00f6nnen die Spiel-Endst\u00e4nde \u00fcbermittelt werden. Aktuelle Tabelle und Spiele in allen Staffeln: Foto: Roller Lens<\/p>\n","protected":false},"author":2,"featured_media":2226,"parent":0,"menu_order":0,"comment_status":"closed","ping_status":"closed","template":"","meta":{"neve_meta_sidebar":"","neve_meta_container":"","neve_meta_enable_content_width":"","neve_meta_content_width":0,"neve_meta_title_alignment":"","neve_meta_author_avatar":"","neve_post_elements_order":"","neve_meta_disable_header":"","neve_meta_disable_footer":"","neve_meta_disable_title":"","_themeisle_gutenberg_block_has_review":false,"footnotes":""},"class_list":["post-28","page","type-page","status-publish","has-post-thumbnail","hentry"],"_links":{"self":[{"href":"https:\/\/rollerderbygermany.de\/index.php?rest_route=\/wp\/v2\/pages\/28","targetHints":{"allow":["GET"]}}],"collection":[{"href":"https:\/\/rollerderbygermany.de\/index.php?rest_route=\/wp\/v2\/pages"}],"about":[{"href":"https:\/\/rollerderbygermany.de\/index.php?rest_route=\/wp\/v2\/types\/page"}],"author":[{"embeddable":true,"href":"https:\/\/rollerderbygermany.de\/index.php?rest_route=\/wp\/v2\/users\/2"}],"replies":[{"embeddable":true,"href":"https:\/\/rollerderbygermany.de\/index.php?rest_route=%2Fwp%2Fv2%2Fcomments&post=28"}],"version-history":[{"count":22,"href":"https:\/\/rollerderbygermany.de\/index.php?rest_route=\/wp\/v2\/pages\/28\/revisions"}],"predecessor-version":[{"id":2223,"href":"https:\/\/rollerderbygermany.de\/index.php?rest_route=\/wp\/v2\/pages\/28\/revisions\/2223"}],"wp:featuredmedia":[{"embeddable":true,"href":"https:\/\/rollerderbygermany.de\/index.php?rest_route=\/wp\/v2\/media\/2226"}],"wp:attachment":[{"href":"https:\/\/rollerderbygermany.de\/index.php?rest_route=%2Fwp%2Fv2%2Fmedia&parent=28"}],"curies":[{"name":"wp","href":"https:\/\/api.w.org\/{rel}","templated":true}]}}