{"id":57,"date":"2019-11-26T15:47:27","date_gmt":"2019-11-26T15:47:27","guid":{"rendered":"http:\/\/rddeutschland.de\/?page_id=57"},"modified":"2025-12-01T19:55:43","modified_gmt":"2025-12-01T19:55:43","slug":"downloads","status":"publish","type":"page","link":"https:\/\/rollerderbygermany.de\/?page_id=57","title":{"rendered":"Downloads"},"content":{"rendered":"\n<p>Auf dieser Seite werden Ausschreibungen, Ordnungen und andere wichtige Dokumente ver\u00f6ffentlicht.<\/p>\n\n\n\n<h2 class=\"wp-block-heading\">RDD Logo zum Download<\/h2>\n\n\n\n<ul class=\"wp-block-list\">\n<li><a href=\"https:\/\/rollerderbygermany.de\/?page_id=1700\">Hinweise zu den Nutzungsbedingungen &amp; Download (Stand 01.07.2024)<\/a><\/li>\n<\/ul>\n\n\n\n<h2 class=\"wp-block-heading\">Roller Derby Deutschland Ordnungen und Regeln<\/h2>\n\n\n\n<ul class=\"wp-block-list\">\n<li><a href=\"https:\/\/rollerderbygermany.de\/wp-content\/uploads\/2024\/04\/2024-10-27-Roller-Derby-Deutschland-Sportordnung.pdf\" target=\"_blank\" rel=\"noreferrer noopener\">Sportordnung f\u00fcr Roller Derby im DRIV<\/a> &#8211; Stand: 27.10.2024<\/li>\n\n\n\n<li><a href=\"https:\/\/rollerderbygermany.de\/wp-content\/uploads\/2025\/12\/2025-11-30-Regeln-RDD-Bundesliga.pdf\">Wettkampfregeln Bundesliga Roller Derby<\/a> &#8211; Stand: 30.11.2025<\/li>\n\n\n\n<li><a href=\"https:\/\/rollerderbygermany.de\/wp-content\/uploads\/2022\/10\/2018-06_Gebuehrenordnung_neu.pdf\" target=\"_blank\" rel=\"noreferrer noopener\">Geb\u00fchrenordnung<\/a> &#8211; Stand: 2018<\/li>\n<\/ul>\n\n\n\n<h2 class=\"wp-block-heading\">RDD Dokumente zur Pr\u00e4vention sexualisierter Gewalt<\/h2>\n\n\n\n<ul class=\"wp-block-list\">\n<li><a href=\"https:\/\/rollerderbygermany.de\/wp-content\/uploads\/2021\/09\/2021_AnalysePSG_RDD_Juniors.pdf\" target=\"_blank\" rel=\"noreferrer noopener\">Risikoanalyse im Kontext Junior Roller Derby<\/a> &#8211; Stand: August 2021<\/li>\n<\/ul>\n\n\n\n<h2 class=\"wp-block-heading\">Antrag auf finanzielle Unterst\u00fctzung vom Ressort D&amp;I <\/h2>\n\n\n\n<ul class=\"wp-block-list\">\n<li><a href=\"https:\/\/rollerderbygermany.de\/?page_id=1551\" data-type=\"page\" data-id=\"1551\">F\u00f6rderantrag<\/a><\/li>\n<\/ul>\n\n\n\n<h2 class=\"wp-block-heading\">Bundesliga Ausschreibungen<\/h2>\n\n\n\n<ul class=\"wp-block-list\">\n<li><a href=\"https:\/\/rollerderbygermany.de\/wp-content\/uploads\/2022\/10\/2023_AusschreibungBundesliga.pdf\" target=\"_blank\" rel=\"noreferrer noopener\">Ausschreibung Bundesliga Roller Derby 2023<\/a><\/li>\n\n\n\n<li><a aria-label=\"Ausschreibung Bundesliga Roller Derby 2020 (\u00f6ffnet in neuem Tab)\" href=\"https:\/\/files.podio.com\/958662016\" target=\"_blank\" rel=\"noreferrer noopener\">Ausschreibung Bundesliga Roller Derby 2020<\/a><\/li>\n\n\n\n<li><a aria-label=\" (\u00f6ffnet in neuem Tab)\" href=\"https:\/\/files.podio.com\/602079521\" target=\"_blank\" rel=\"noreferrer noopener\">Ausschreibung Bundesliga Roller Derby 2019<\/a><\/li>\n\n\n\n<li><a aria-label=\" (\u00f6ffnet in neuem Tab)\" href=\"https:\/\/files.podio.com\/368095228\" target=\"_blank\" rel=\"noreferrer noopener\">Ausschreibung Bundesliga Roller Derby 2018<\/a><\/li>\n\n\n\n<li><a aria-label=\" (\u00f6ffnet in neuem Tab)\" href=\"https:\/\/files.podio.com\/368095228\" target=\"_blank\" rel=\"noreferrer noopener\">Ausschreibung Bundesliga Roller Derby 2017<\/a><\/li>\n\n\n\n<li><a href=\"https:\/\/rollerderbygermany.de\/?page_id=57\" target=\"_blank\" rel=\"noreferrer noopener\">Ausschreibung Bundesliga Roller Derby 2016<\/a><\/li>\n\n\n\n<li><a href=\"https:\/\/rollerderbygermany.de\/?page_id=57\" target=\"_blank\" rel=\"noreferrer noopener\">Ausschreibung Bundesliga Roller Derby 2015<\/a><\/li>\n<\/ul>\n\n\n\n<ul class=\"wp-block-list\">\n<li><a href=\"https:\/\/rollerderbygermany.de\/wp-content\/uploads\/2024\/04\/Ausschreibung-Gestaltung-Pokale-2024.pdf\" data-type=\"link\" data-id=\"https:\/\/rollerderbygermany.de\/wp-content\/uploads\/2024\/04\/Ausschreibung-Gestaltung-Pokale-2024.pdf\">Ausschreibung: Gestaltung der Bundesliga-Pokale 2024<\/a><\/li>\n<\/ul>\n\n\n\n<h2 class=\"wp-block-heading\">GTO-Flyer f\u00fcr Leagues<\/h2>\n\n\n\n<ul class=\"wp-block-list\">\n<li><a href=\"https:\/\/rollerderbygermany.de\/wp-content\/uploads\/2024\/04\/Leitfaden-GTO-Leagues-RDD.pdf\" data-type=\"link\" data-id=\"https:\/\/rollerderbygermany.de\/wp-content\/uploads\/2024\/04\/Leitfaden-GTO-Leagues-RDD.pdf\">Leitfaden f\u00fcr Leagues: Games Tournament Oversight (GTO) (deutsch)<\/a><\/li>\n\n\n\n<li><a href=\"https:\/\/rollerderbygermany.de\/wp-content\/uploads\/2024\/04\/Guide-GTO-Leagues-RDD.pdf\">Guide for Leagues: Games Tournament Oversight (GTO) (englisch)<\/a><\/li>\n<\/ul>\n\n\n\n<h2 class=\"wp-block-heading\">WFTDA-Dokumente in deutscher \u00dcbersetzung<\/h2>\n\n\n\n<ul class=\"wp-block-list\">\n<li><a href=\"https:\/\/rules.wftda.com\/\" target=\"_blank\" rel=\"noopener\">WFTDA Flat Track Roller Derby Rules and Cade Book<\/a> (Stand 15.02.2022; bisher nicht auf deutsch)<\/li>\n\n\n\n<li><a href=\"https:\/\/community.wftda.org\/resources\/document-libraries\/rules#changes\" target=\"_blank\" rel=\"noopener\">Zusammenfassung der \u00c4nderungen<\/a> (Stand 15.02.2022)<\/li>\n\n\n\n<li><a href=\"https:\/\/static.wftda.com\/rules\/wftda-rules-german.pdf\" target=\"_blank\" rel=\"noreferrer noopener\">WFTDA Flat Track Roller Derby Regeln und Case Book <\/a>(Stand: 2020, kleine Unterschiede zur aktuellen Version)<\/li>\n\n\n\n<li><a href=\"https:\/\/static.wftda.com\/sanctioning\/wftda-sanctioning-policy-deutsch.pdf\" target=\"_blank\" rel=\"noopener\">WFTDA Sanctioning Policy<\/a><\/li>\n<\/ul>\n\n\n\n<div style=\"height:67px\" aria-hidden=\"true\" class=\"wp-block-spacer\"><\/div>\n\n\n\n<p>Foto: Roller Lens<\/p>\n","protected":false},"excerpt":{"rendered":"<p>Auf dieser Seite werden Ausschreibungen, Ordnungen und andere wichtige Dokumente ver\u00f6ffentlicht. RDD Logo zum Download Roller Derby Deutschland Ordnungen und Regeln RDD Dokumente zur Pr\u00e4vention sexualisierter Gewalt Antrag auf finanzielle Unterst\u00fctzung vom Ressort D&amp;I Bundesliga Ausschreibungen GTO-Flyer f\u00fcr Leagues WFTDA-Dokumente in deutscher \u00dcbersetzung Foto: Roller Lens<\/p>\n","protected":false},"author":2,"featured_media":1397,"parent":17,"menu_order":0,"comment_status":"closed","ping_status":"closed","template":"","meta":{"neve_meta_sidebar":"","neve_meta_container":"","neve_meta_enable_content_width":"","neve_meta_content_width":0,"neve_meta_title_alignment":"","neve_meta_author_avatar":"","neve_post_elements_order":"","neve_meta_disable_header":"","neve_meta_disable_footer":"","neve_meta_disable_title":"","_themeisle_gutenberg_block_has_review":false,"footnotes":""},"class_list":["post-57","page","type-page","status-publish","has-post-thumbnail","hentry"],"_links":{"self":[{"href":"https:\/\/rollerderbygermany.de\/index.php?rest_route=\/wp\/v2\/pages\/57","targetHints":{"allow":["GET"]}}],"collection":[{"href":"https:\/\/rollerderbygermany.de\/index.php?rest_route=\/wp\/v2\/pages"}],"about":[{"href":"https:\/\/rollerderbygermany.de\/index.php?rest_route=\/wp\/v2\/types\/page"}],"author":[{"embeddable":true,"href":"https:\/\/rollerderbygermany.de\/index.php?rest_route=\/wp\/v2\/users\/2"}],"replies":[{"embeddable":true,"href":"https:\/\/rollerderbygermany.de\/index.php?rest_route=%2Fwp%2Fv2%2Fcomments&post=57"}],"version-history":[{"count":30,"href":"https:\/\/rollerderbygermany.de\/index.php?rest_route=\/wp\/v2\/pages\/57\/revisions"}],"predecessor-version":[{"id":2154,"href":"https:\/\/rollerderbygermany.de\/index.php?rest_route=\/wp\/v2\/pages\/57\/revisions\/2154"}],"up":[{"embeddable":true,"href":"https:\/\/rollerderbygermany.de\/index.php?rest_route=\/wp\/v2\/pages\/17"}],"wp:featuredmedia":[{"embeddable":true,"href":"https:\/\/rollerderbygermany.de\/index.php?rest_route=\/wp\/v2\/media\/1397"}],"wp:attachment":[{"href":"https:\/\/rollerderbygermany.de\/index.php?rest_route=%2Fwp%2Fv2%2Fmedia&parent=57"}],"curies":[{"name":"wp","href":"https:\/\/api.w.org\/{rel}","templated":true}]}}