{"id":806,"date":"2020-06-16T17:55:01","date_gmt":"2020-06-16T17:55:01","guid":{"rendered":"https:\/\/rollerderbygermany.de\/?page_id=806"},"modified":"2024-06-19T18:15:43","modified_gmt":"2024-06-19T18:15:43","slug":"officials","status":"publish","type":"page","link":"https:\/\/rollerderbygermany.de\/?page_id=806","title":{"rendered":"Officials"},"content":{"rendered":"\n<p>Wenn ihr regelm\u00e4\u00dfig als Schiedsrichter*in (Skating und\/oder Non Skating Official) bei Spielen in Deutschland aktiv seid, lohnt sich die\u00a0<a href=\"https:\/\/podio.com\/webforms\/13211010\/898536\" target=\"_blank\" rel=\"noopener\">Registrierung \u00fcber podio<\/a>. Wir nutzen diese Plattform als Hauptkommunikationsmittel f\u00fcr unsere Community. Hier k\u00f6nnt ihr aktuelle Infos rund um Spiele, wie auch Ressourcen rund ums Officiaten finden. <\/p>\n\n\n\n<div class=\"wp-block-buttons is-layout-flex wp-block-buttons-is-layout-flex\">\n<div class=\"wp-block-button\"><a class=\"wp-block-button__link wp-element-button\" href=\"https:\/\/podio.com\/webforms\/13211010\/898536\" target=\"_blank\" rel=\"noopener\">Zum Registrierungsformular<\/a><\/div>\n<\/div>\n\n\n\n<div style=\"height:25px\" aria-hidden=\"true\" class=\"wp-block-spacer\"><\/div>\n\n\n\n<p>Als weiteres Kommunikationsmittel nutzen wir auch einen Discord-Server, um diesem beizutreten kontaktiert uns bitte. F\u00fcr alle FLINTA-Officials gibt es einen zus\u00e4tzlichen Discord-Server zum Austausch untereinander.<\/p>\n\n\n\n<p>Zurzeit findet einmal monatlich die Officials Ref School \u00fcber Zoom, wie auch zweimal im Monat ein FLINTA-Casebook-Lesezirkel statt. Die Zugangsdaten dazu k\u00f6nnt ihr gerne bei uns erfragen.<\/p>\n\n\n\n<div style=\"height:25px\" aria-hidden=\"true\" class=\"wp-block-spacer\"><\/div>\n\n\n\n<h2 class=\"wp-block-heading\">Weitere Themen f\u00fcr Officials <\/h2>\n\n\n\n<div class=\"wp-block-buttons is-layout-flex wp-block-buttons-is-layout-flex\">\n<div class=\"wp-block-button\"><a class=\"wp-block-button__link wp-element-button\" href=\"https:\/\/rollerderbygermany.de\/?page_id=1673\">Officialsvertretung<\/a><\/div>\n\n\n\n<div class=\"wp-block-button\"><a class=\"wp-block-button__link wp-element-button\" href=\"https:\/\/rollerderbygermany.de\/?page_id=1659\">Aktuelles f\u00fcr Officials<\/a><\/div>\n\n\n\n<div class=\"wp-block-button\"><a class=\"wp-block-button__link wp-element-button\" href=\"https:\/\/rollerderbygermany.de\/?page_id=1650\"><strong>Weiterbildung und Geb\u00fchrenerstattungen<\/strong><\/a><\/div>\n<\/div>\n\n\n\n<div style=\"height:50px\" aria-hidden=\"true\" class=\"wp-block-spacer\"><\/div>\n\n\n\n<p>Foto: Blendwerk Fotografie<\/p>\n\n\n\n<div style=\"height:100px\" aria-hidden=\"true\" class=\"wp-block-spacer\"><\/div>\n","protected":false},"excerpt":{"rendered":"<p>Wenn ihr regelm\u00e4\u00dfig als Schiedsrichter*in (Skating und\/oder Non Skating Official) bei Spielen in Deutschland aktiv seid, lohnt sich die\u00a0Registrierung \u00fcber podio. Wir nutzen diese Plattform als Hauptkommunikationsmittel f\u00fcr unsere Community. Hier k\u00f6nnt ihr aktuelle Infos rund um Spiele, wie auch Ressourcen rund ums Officiaten finden. Als weiteres Kommunikationsmittel nutzen wir auch einen Discord-Server, um diesem&hellip;&nbsp;<a href=\"https:\/\/rollerderbygermany.de\/?page_id=806\" rel=\"bookmark\">Weiterlesen &raquo;<span class=\"screen-reader-text\">Officials<\/span><\/a><\/p>\n","protected":false},"author":2,"featured_media":1360,"parent":0,"menu_order":0,"comment_status":"closed","ping_status":"closed","template":"","meta":{"neve_meta_sidebar":"","neve_meta_container":"","neve_meta_enable_content_width":"","neve_meta_content_width":0,"neve_meta_title_alignment":"","neve_meta_author_avatar":"","neve_post_elements_order":"","neve_meta_disable_header":"","neve_meta_disable_footer":"","neve_meta_disable_title":"","_themeisle_gutenberg_block_has_review":false,"footnotes":""},"class_list":["post-806","page","type-page","status-publish","has-post-thumbnail","hentry"],"_links":{"self":[{"href":"https:\/\/rollerderbygermany.de\/index.php?rest_route=\/wp\/v2\/pages\/806","targetHints":{"allow":["GET"]}}],"collection":[{"href":"https:\/\/rollerderbygermany.de\/index.php?rest_route=\/wp\/v2\/pages"}],"about":[{"href":"https:\/\/rollerderbygermany.de\/index.php?rest_route=\/wp\/v2\/types\/page"}],"author":[{"embeddable":true,"href":"https:\/\/rollerderbygermany.de\/index.php?rest_route=\/wp\/v2\/users\/2"}],"replies":[{"embeddable":true,"href":"https:\/\/rollerderbygermany.de\/index.php?rest_route=%2Fwp%2Fv2%2Fcomments&post=806"}],"version-history":[{"count":10,"href":"https:\/\/rollerderbygermany.de\/index.php?rest_route=\/wp\/v2\/pages\/806\/revisions"}],"predecessor-version":[{"id":1682,"href":"https:\/\/rollerderbygermany.de\/index.php?rest_route=\/wp\/v2\/pages\/806\/revisions\/1682"}],"wp:featuredmedia":[{"embeddable":true,"href":"https:\/\/rollerderbygermany.de\/index.php?rest_route=\/wp\/v2\/media\/1360"}],"wp:attachment":[{"href":"https:\/\/rollerderbygermany.de\/index.php?rest_route=%2Fwp%2Fv2%2Fmedia&parent=806"}],"curies":[{"name":"wp","href":"https:\/\/api.w.org\/{rel}","templated":true}]}}